{"id":98,"date":"2018-12-17T16:53:50","date_gmt":"2018-12-17T15:53:50","guid":{"rendered":"http:\/\/www.ferienhof-fenzl.de\/?page_id=98"},"modified":"2021-04-14T14:41:56","modified_gmt":"2021-04-14T12:41:56","slug":"schaerding","status":"publish","type":"page","link":"https:\/\/www.ferienhof-fenzl.de\/index.php\/schaerding\/","title":{"rendered":"Sch\u00e4rding"},"content":{"rendered":"<h2>Die Barockstadt Sch\u00e4rding<\/h2>\n<p><span style=\"color: #000000;\">Mitten im ober\u00f6sterreichischen Innviertel, am Unterlauf des Inn, liegt das bezaubernde Sch\u00e4rding, \u00d6sterreich sch\u00f6nste Barockstadt. Architektonisch ist die mittelalterliche Wehrstadt von allen Epochen gepr\u00e4gt, das Prunkst\u00fcck ist jedoch die barocke Silberzeile im Stadtzentrum.\u00a0<\/span><br \/><span style=\"color: #000000;\">Giebel an Giebel pr\u00e4sentiert sich hier ein unvergleichliches H\u00e4userensemble:\u00a0<\/span><br \/><span style=\"color: #000000;\">Schmale Fassaden, oft kaum ein Zimmer breit, zw\u00e4ngen sich zwischen m\u00e4chtige B\u00fcrger- h\u00e4user. Hier wohnten einst reiche Kaufleute, die Taschen voller Silberlinge, die der Silberzeile vermutlich ihren Namen gaben. Die sp\u00e4tmittelalterlichen Zunftfarben der H\u00e4user, der Zauber der alten Tore, die stillen Winkel und geheimnisvollen Gassen pr\u00e4gen bis heute den charmanten Charakter der kleinen, historischen Stadt.<\/span><\/p>\n<p><span style=\"color: #000000;\">Vor allem Radfahrer zieht es nach Sch\u00e4rding, ist die Barockstadt doch Ausgangspunkt und Zielort f\u00fcr den Donau-, Inn- und Tauernradweg.\u00a0<\/span><br \/><span style=\"color: #000000;\">Auch der R\u00f6merradweg f\u00fchrt durch das vertr\u00e4umte St\u00e4dtchen am Inn, genauso wie weitere, besonders familienfreundliche Radwege.<\/span><br \/><span style=\"color: #000000;\">Pferdefreunde, Tenniscraks, Golfer und Wasserratten kommen genauso auf ihre Kosten wie Wanderer, auf die das Europareservat Unterer Inn wartet. Zwischen Sch\u00e4rding und der 15 Kilometer n\u00f6rdlich gelegenen Dreifl\u00fcsse-Stadt Passau l\u00e4dt das wildromantische Untere Inntal zu einer Schifffahrt auf einer der sch\u00f6nsten Flusslandschaften \u00d6sterreichs ein. Die malerische Innpromenade in Sch\u00e4rding bietet sich f\u00fcr ausgedehnte Spazierg\u00e4nge an. Auch die Kurg\u00e4ste, die bei der hier gebotenen Kneippkur-Tradition Jahr f\u00fcr Jahr neue Kraft und Gesundheit tanken, genie\u00dfen das besondere Flair der historischen Barockstadt.<\/span><\/p>\n<p><span style=\"color: #000000;\">Lebendig und vielf\u00e4ltig pr\u00e4sentiert sich das kulturelle Leben in Sch\u00e4rding. Zentraler Veranstaltungsort ist dabei der Kubinsaal am Schlosspark, benannt nach Alfred Kubin. Der bekannte Maler und Grafiker wohnte jahrzehntelang im benachbarten Wernstein und ist Ehrenb\u00fcrger Sch\u00e4rdings. Im unverwechselbaren Ambiente des Kubinsaals finden ganzj\u00e4hrig Konzerte und Lesungen statt.\u00a0<\/span><br \/><span style=\"color: #000000;\">Neben Kleinkunstveranstaltungen und Theaterauff\u00fchrungen z\u00e4hlen auch Wochen-, Bauern- und Flohm\u00e4rkte zum etablierten Sch\u00e4rdinger Kulturgeschehen.<\/span><br \/><span style=\"color: #000000;\">Bei modernen Komfort und einer Prise Nostalgie in Sch\u00e4rdings Wirtsstuben klingt der ereignisreiche Tag aus. Von der Innviertler Schmankerlk\u00fcche bis zum mittelalterlichen Festessen f\u00fcr Edelritter reicht die Palette des kulinarischen Angebotes. Dazu wird heimisches Bier gereicht, denn zwei Sch\u00e4rdinger Brauereien halten bis heute die historisch gewachsene Braukunst aufrecht.<\/span><\/p>\n\n\n<div class=\"wp-block-columns alignfull is-layout-flex wp-container-core-columns-layout-1 wp-block-columns-is-layout-flex\">\n<div class=\"wp-block-column is-layout-flow wp-block-column-is-layout-flow\" style=\"flex-basis:100%\">\n<p class=\"has-text-align-center has-black-color has-text-color has-background\" style=\"background-color:#63a850\">Josef Putz &#8211; B\u00e4rnau 2 &#8211; 94060 Pocking<br>Tel.: +49 (0) 8538 &#8211; 658 oder +49 (0) 8538 &#8211; 9124326<br>e-Mail: putz-alois@t-online.de &#8211; Web: www.ferienhof-fenzl.de<\/p>\n<\/div>\n<\/div>\n","protected":false},"excerpt":{"rendered":"<p>Die Barockstadt Sch\u00e4rding Mitten im ober\u00f6sterreichischen Innviertel, am Unterlauf des Inn, liegt das bezaubernde Sch\u00e4rding, \u00d6sterreich sch\u00f6nste Barockstadt. Architektonisch ist die mittelalterliche Wehrstadt von allen Epochen gepr\u00e4gt, das Prunkst\u00fcck ist &#8230;<\/p>\n","protected":false},"author":1,"featured_media":0,"parent":0,"menu_order":0,"comment_status":"closed","ping_status":"closed","template":"","meta":{"footnotes":""},"_links":{"self":[{"href":"https:\/\/www.ferienhof-fenzl.de\/index.php\/wp-json\/wp\/v2\/pages\/98"}],"collection":[{"href":"https:\/\/www.ferienhof-fenzl.de\/index.php\/wp-json\/wp\/v2\/pages"}],"about":[{"href":"https:\/\/www.ferienhof-fenzl.de\/index.php\/wp-json\/wp\/v2\/types\/page"}],"author":[{"embeddable":true,"href":"https:\/\/www.ferienhof-fenzl.de\/index.php\/wp-json\/wp\/v2\/users\/1"}],"replies":[{"embeddable":true,"href":"https:\/\/www.ferienhof-fenzl.de\/index.php\/wp-json\/wp\/v2\/comments?post=98"}],"version-history":[{"count":3,"href":"https:\/\/www.ferienhof-fenzl.de\/index.php\/wp-json\/wp\/v2\/pages\/98\/revisions"}],"predecessor-version":[{"id":2230,"href":"https:\/\/www.ferienhof-fenzl.de\/index.php\/wp-json\/wp\/v2\/pages\/98\/revisions\/2230"}],"wp:attachment":[{"href":"https:\/\/www.ferienhof-fenzl.de\/index.php\/wp-json\/wp\/v2\/media?parent=98"}],"curies":[{"name":"wp","href":"https:\/\/api.w.org\/{rel}","templated":true}]}}