{"id":96,"date":"2018-12-17T16:53:37","date_gmt":"2018-12-17T15:53:37","guid":{"rendered":"http:\/\/www.ferienhof-fenzl.de\/?page_id=96"},"modified":"2021-04-14T14:40:51","modified_gmt":"2021-04-14T12:40:51","slug":"bayerischer-wald","status":"publish","type":"page","link":"https:\/\/www.ferienhof-fenzl.de\/index.php\/bayerischer-wald\/","title":{"rendered":"Bayerischer Wald"},"content":{"rendered":"<h2>Der Bayerische Wald<\/h2>\n<p><span style=\"color: #000000;\">Der Bayerische Wald ist ein Mittelgebirge in Ostbayern, an der Grenze zu Tschechien (B\u00f6hmen).<\/span><\/p>\n<p><span style=\"color: #000000;\">Er erstreckt sich \u00fcber Teile von Niederbayern und der Oberpfalz und wird haupts\u00e4chlich vom Regen und der Ilz zur Donau entw\u00e4ssert, ein kleiner Teil in Grenzn\u00e4he zu Tschechien wird \u00fcber die Moldau zur Elbe entw\u00e4ssert.<\/span><\/p>\n<p><span style=\"color: #000000;\">Der Gebirgszug geht \u00f6stlich zur tschechischen Grenze weiter, wird dort jedoch B\u00f6hmerwald genannt. Seine s\u00fcd\u00f6stliche Fortsetzung nach Ober\u00f6sterreich ist der Sauwald und das M\u00fchlviertel, im Norden grenzt er, unterbrochen durch die Cham-Further Senke, an den Oberpf\u00e4lzer Wald.<\/span><\/p>\n<p><span style=\"color: #000000;\">Die h\u00f6chsten Berge des Bayerischen Waldes sind der Gro\u00dfe Arber mit 1.456 m und der Gro\u00dfe Rachel (1.453 m). Im Ostteil des Gebirges entstand 1970 Deutschlands erster Nationalpark, der Nationalpark Bayerischer Wald. Er wurde 1997 erweitert und bildet zusammen mit Tschechiens Nationalpark \u0160umava eines der gr\u00f6\u00dften Schutzgebiete Europas.<\/span><\/p>\n\n\n<div class=\"wp-block-columns alignfull is-layout-flex wp-container-core-columns-layout-1 wp-block-columns-is-layout-flex\">\n<div class=\"wp-block-column is-layout-flow wp-block-column-is-layout-flow\" style=\"flex-basis:100%\">\n<p class=\"has-text-align-center has-black-color has-text-color has-background\" style=\"background-color:#63a850\">Josef Putz &#8211; B\u00e4rnau 2 &#8211; 94060 Pocking<br>Tel.: +49 (0) 8538 &#8211; 658 oder +49 (0) 8538 &#8211; 9124326<br>e-Mail: putz-alois@t-online.de &#8211; Web: www.ferienhof-fenzl.de<\/p>\n<\/div>\n<\/div>\n","protected":false},"excerpt":{"rendered":"<p>Der Bayerische Wald Der Bayerische Wald ist ein Mittelgebirge in Ostbayern, an der Grenze zu Tschechien (B\u00f6hmen). Er erstreckt sich \u00fcber Teile von Niederbayern und der Oberpfalz und wird haupts\u00e4chlich &#8230;<\/p>\n","protected":false},"author":1,"featured_media":0,"parent":0,"menu_order":0,"comment_status":"closed","ping_status":"closed","template":"","meta":{"footnotes":""},"_links":{"self":[{"href":"https:\/\/www.ferienhof-fenzl.de\/index.php\/wp-json\/wp\/v2\/pages\/96"}],"collection":[{"href":"https:\/\/www.ferienhof-fenzl.de\/index.php\/wp-json\/wp\/v2\/pages"}],"about":[{"href":"https:\/\/www.ferienhof-fenzl.de\/index.php\/wp-json\/wp\/v2\/types\/page"}],"author":[{"embeddable":true,"href":"https:\/\/www.ferienhof-fenzl.de\/index.php\/wp-json\/wp\/v2\/users\/1"}],"replies":[{"embeddable":true,"href":"https:\/\/www.ferienhof-fenzl.de\/index.php\/wp-json\/wp\/v2\/comments?post=96"}],"version-history":[{"count":3,"href":"https:\/\/www.ferienhof-fenzl.de\/index.php\/wp-json\/wp\/v2\/pages\/96\/revisions"}],"predecessor-version":[{"id":2229,"href":"https:\/\/www.ferienhof-fenzl.de\/index.php\/wp-json\/wp\/v2\/pages\/96\/revisions\/2229"}],"wp:attachment":[{"href":"https:\/\/www.ferienhof-fenzl.de\/index.php\/wp-json\/wp\/v2\/media?parent=96"}],"curies":[{"name":"wp","href":"https:\/\/api.w.org\/{rel}","templated":true}]}}