{"id":94,"date":"2018-12-17T16:53:22","date_gmt":"2018-12-17T15:53:22","guid":{"rendered":"http:\/\/www.ferienhof-fenzl.de\/?page_id=94"},"modified":"2021-04-14T14:40:09","modified_gmt":"2021-04-14T12:40:09","slug":"passau","status":"publish","type":"page","link":"https:\/\/www.ferienhof-fenzl.de\/index.php\/passau\/","title":{"rendered":"Passau"},"content":{"rendered":"<h2>Die Dreifl\u00fcsse Stadt Passau<\/h2>\n<p><span style=\"color: #000000;\">Passau ist eine der faszinierendsten St\u00e4dte Europas. Die Stadt, in der die drei Fl\u00fcsse Donau, Inn und Ilz gleichzeitig zusammentreffen, strahlt eine unverwechselbare Atmosph\u00e4re aus. Hier paaren sich Charme und Sch\u00f6nheit, Geschichte und Kultur, Kunst und Erlebnis.<\/span><br \/><span style=\"color: #000000;\">Das s\u00fcdl\u00e4ndische Flair, verbunden mit bayerischer Gastlichkeit, ist weit \u00fcber die Grenzen hinaus bekannt.<\/span><\/p>\n<p><span style=\"color: #000000;\">Erleben Sie:<\/span><br \/><span style=\"color: #000000;\">Orgelkonzerte auf der gr\u00f6\u00dften Domorgel der Welt im Dom St. Stephan (Mai-Okt.), Stadt- und Domf\u00fchrungen, Malerische Altstadt mit Drei-Fl\u00fcsse-Eck, Zahlreiche Sehensw\u00fcrdigkeiten, Museen und Galerien, Drei-Fl\u00fcsse-Rundfahrten und Schiffsausfl\u00fcge, Donaukreuzfahrten, Radlerstadt auf den Fernradwanderwegen an Donau und Inn.<\/span><\/p>\n\n\n<div class=\"wp-block-columns alignfull is-layout-flex wp-container-core-columns-layout-1 wp-block-columns-is-layout-flex\">\n<div class=\"wp-block-column is-layout-flow wp-block-column-is-layout-flow\" style=\"flex-basis:100%\">\n<p class=\"has-text-align-center has-black-color has-text-color has-background\" style=\"background-color:#63a850\">Josef Putz &#8211; B\u00e4rnau 2 &#8211; 94060 Pocking<br>Tel.: +49 (0) 8538 &#8211; 658 oder +49 (0) 8538 &#8211; 9124326<br>e-Mail: putz-alois@t-online.de &#8211; Web: www.ferienhof-fenzl.de<\/p>\n<\/div>\n<\/div>\n","protected":false},"excerpt":{"rendered":"<p>Die Dreifl\u00fcsse Stadt Passau Passau ist eine der faszinierendsten St\u00e4dte Europas. Die Stadt, in der die drei Fl\u00fcsse Donau, Inn und Ilz gleichzeitig zusammentreffen, strahlt eine unverwechselbare Atmosph\u00e4re aus. Hier &#8230;<\/p>\n","protected":false},"author":1,"featured_media":0,"parent":0,"menu_order":0,"comment_status":"closed","ping_status":"closed","template":"","meta":{"footnotes":""},"_links":{"self":[{"href":"https:\/\/www.ferienhof-fenzl.de\/index.php\/wp-json\/wp\/v2\/pages\/94"}],"collection":[{"href":"https:\/\/www.ferienhof-fenzl.de\/index.php\/wp-json\/wp\/v2\/pages"}],"about":[{"href":"https:\/\/www.ferienhof-fenzl.de\/index.php\/wp-json\/wp\/v2\/types\/page"}],"author":[{"embeddable":true,"href":"https:\/\/www.ferienhof-fenzl.de\/index.php\/wp-json\/wp\/v2\/users\/1"}],"replies":[{"embeddable":true,"href":"https:\/\/www.ferienhof-fenzl.de\/index.php\/wp-json\/wp\/v2\/comments?post=94"}],"version-history":[{"count":3,"href":"https:\/\/www.ferienhof-fenzl.de\/index.php\/wp-json\/wp\/v2\/pages\/94\/revisions"}],"predecessor-version":[{"id":2228,"href":"https:\/\/www.ferienhof-fenzl.de\/index.php\/wp-json\/wp\/v2\/pages\/94\/revisions\/2228"}],"wp:attachment":[{"href":"https:\/\/www.ferienhof-fenzl.de\/index.php\/wp-json\/wp\/v2\/media?parent=94"}],"curies":[{"name":"wp","href":"https:\/\/api.w.org\/{rel}","templated":true}]}}