{"id":92,"date":"2018-12-17T16:53:10","date_gmt":"2018-12-17T15:53:10","guid":{"rendered":"http:\/\/www.ferienhof-fenzl.de\/?page_id=92"},"modified":"2021-04-14T14:39:31","modified_gmt":"2021-04-14T12:39:31","slug":"tittling","status":"publish","type":"page","link":"https:\/\/www.ferienhof-fenzl.de\/index.php\/tittling\/","title":{"rendered":"Tittling"},"content":{"rendered":"<h2>Museumsdorf Tittling<\/h2>\n<p><span style=\"color: #000000;\">Das Museumsdorf Bayerischer Wald ist ein Freilichtmuseum bei Tittling am Dreiburgensee im Bayerischen Wald. Es umfasst auf 25 ha \u00fcber 150 Geb\u00e4ude aus der Zeit von 1580 bis 1850 und eine volkskundliche Sammlung mit 60.000 Objekten. Es z\u00e4hlt somit zu den gr\u00f6\u00dften Freilichtmuseen in Europa.<\/span><\/p>\n<p><span style=\"color: #000000;\">Das Museum wurde 1974 von Georg H\u00f6ltl mit der Restaurierung der 500 Jahre alten Rothaum\u00fchle gegr\u00fcndet. Dieses Geb\u00e4ude, das nach dem Einsturz des Dachstuhls 1972 von den Eheleuten Georg und Centa H\u00f6ltl gekauft worden war, steht noch an seinem urspr\u00fcnglichen Standort unterhalb des Dreiburgensees. Seither wurden zahlreiche Geb\u00e4ude aus dem gesamten Bayerischen Wald in das Museum transferiert. Zu sehen sind Bauernh\u00e4user, Tagel\u00f6hnerh\u00e4user, Kapellen, die \u00e4lteste Dorfschule Deutschlands, Werkst\u00e4tten und M\u00fchlen. Die umfassende volkskundliche Sammlung umfasst Sakralgegenst\u00e4nde, Bauernm\u00f6bel und Hausrat, Kleidung, landwirtschaftliche Ger\u00e4te, Schmuck, Glasarbeiten und Fuhrwerke. Im Museumsdorf findet mehrmals j\u00e4hrlich ein gro\u00dfer Bauernmarkt statt, wo zahlreiche Verkaufsst\u00e4nde aufgebaut und Vorf\u00fchrungen alter Br\u00e4uche und Handarbeiten gezeigt werden.<\/span><\/p>\n\n\n<div class=\"wp-block-columns alignfull is-layout-flex wp-container-core-columns-layout-1 wp-block-columns-is-layout-flex\">\n<div class=\"wp-block-column is-layout-flow wp-block-column-is-layout-flow\" style=\"flex-basis:100%\">\n<p class=\"has-text-align-center has-black-color has-text-color has-background\" style=\"background-color:#63a850\">Josef Putz &#8211; B\u00e4rnau 2 &#8211; 94060 Pocking<br>Tel.: +49 (0) 8538 &#8211; 658 oder +49 (0) 8538 &#8211; 9124326<br>e-Mail: putz-alois@t-online.de &#8211; Web: www.ferienhof-fenzl.de<\/p>\n<\/div>\n<\/div>\n","protected":false},"excerpt":{"rendered":"<p>Museumsdorf Tittling Das Museumsdorf Bayerischer Wald ist ein Freilichtmuseum bei Tittling am Dreiburgensee im Bayerischen Wald. Es umfasst auf 25 ha \u00fcber 150 Geb\u00e4ude aus der Zeit von 1580 bis &#8230;<\/p>\n","protected":false},"author":1,"featured_media":0,"parent":0,"menu_order":0,"comment_status":"closed","ping_status":"closed","template":"","meta":{"footnotes":""},"_links":{"self":[{"href":"https:\/\/www.ferienhof-fenzl.de\/index.php\/wp-json\/wp\/v2\/pages\/92"}],"collection":[{"href":"https:\/\/www.ferienhof-fenzl.de\/index.php\/wp-json\/wp\/v2\/pages"}],"about":[{"href":"https:\/\/www.ferienhof-fenzl.de\/index.php\/wp-json\/wp\/v2\/types\/page"}],"author":[{"embeddable":true,"href":"https:\/\/www.ferienhof-fenzl.de\/index.php\/wp-json\/wp\/v2\/users\/1"}],"replies":[{"embeddable":true,"href":"https:\/\/www.ferienhof-fenzl.de\/index.php\/wp-json\/wp\/v2\/comments?post=92"}],"version-history":[{"count":3,"href":"https:\/\/www.ferienhof-fenzl.de\/index.php\/wp-json\/wp\/v2\/pages\/92\/revisions"}],"predecessor-version":[{"id":2227,"href":"https:\/\/www.ferienhof-fenzl.de\/index.php\/wp-json\/wp\/v2\/pages\/92\/revisions\/2227"}],"wp:attachment":[{"href":"https:\/\/www.ferienhof-fenzl.de\/index.php\/wp-json\/wp\/v2\/media?parent=92"}],"curies":[{"name":"wp","href":"https:\/\/api.w.org\/{rel}","templated":true}]}}