{"id":88,"date":"2018-12-17T16:52:38","date_gmt":"2018-12-17T15:52:38","guid":{"rendered":"http:\/\/www.ferienhof-fenzl.de\/?page_id=88"},"modified":"2022-02-14T12:53:54","modified_gmt":"2022-02-14T11:53:54","slug":"pocking","status":"publish","type":"page","link":"https:\/\/www.ferienhof-fenzl.de\/index.php\/pocking\/","title":{"rendered":"Pocking"},"content":{"rendered":"<h2>Die Einkaufsstadt Pocking<\/h2>\n<p><span style=\"color: #000000;\">Als Einkaufsstadt im Rottaler B\u00e4derdreieck bietet Pocking auch ein reiches Freizeit- und Erholungsprogramm.&nbsp;<\/span><br><span style=\"color: #000000;\">Gesch\u00e4fte und gem\u00fctliche Lokale laden zum Bummeln ein und sorgen f\u00fcr Abwechslung.<\/span><\/p>\n<p><span style=\"color: #000000;\">Der Abbau von Kies hat in der &#8222;Pockinger Heide&#8220; einen Naturbadesee entstehen lassen. Gleich daneben befindet sich der neu Angelegte Pumptrack. Ein Erlebnis f\u00fcr jeden der herausforderung mit seinem Bike sucht.<\/span><\/p>\n<p><span style=\"color: #000000;\" data-wp-editing=\"1\"> <img loading=\"lazy\" decoding=\"async\" class=\"alignnone wp-image-2419 size-medium\" src=\"http:\/\/www.ferienhof-fenzl.de\/wp-content\/uploads\/2022\/02\/Screenshot_2022-01-31-01-13-27-092_com.google.android.googlequicksearchbox-300x194.jpg\" alt=\"\" width=\"300\" height=\"194\" srcset=\"https:\/\/www.ferienhof-fenzl.de\/wp-content\/uploads\/2022\/02\/Screenshot_2022-01-31-01-13-27-092_com.google.android.googlequicksearchbox-300x194.jpg 300w, https:\/\/www.ferienhof-fenzl.de\/wp-content\/uploads\/2022\/02\/Screenshot_2022-01-31-01-13-27-092_com.google.android.googlequicksearchbox-1024x661.jpg 1024w, https:\/\/www.ferienhof-fenzl.de\/wp-content\/uploads\/2022\/02\/Screenshot_2022-01-31-01-13-27-092_com.google.android.googlequicksearchbox-768x496.jpg 768w, https:\/\/www.ferienhof-fenzl.de\/wp-content\/uploads\/2022\/02\/Screenshot_2022-01-31-01-13-27-092_com.google.android.googlequicksearchbox.jpg 1080w\" sizes=\"(max-width: 300px) 100vw, 300px\" \/><br><\/span><\/p>\n<p><\/p>\n<p><span style=\"color: #000000;\">Das bekannte Kurort Bad F\u00fcssing ist nur f\u00fcnf Kilometer entfernt und auf Wander- oder Radwegen gut zu erreichen. Hier findet der Gast alles f\u00fcr seine Erholung und Gesundheit.&nbsp;<\/span><\/p>\n\n\n<div class=\"wp-block-columns alignfull is-layout-flex wp-container-core-columns-layout-1 wp-block-columns-is-layout-flex\">\n<div class=\"wp-block-column is-layout-flow wp-block-column-is-layout-flow\" style=\"flex-basis:100%\">\n<p class=\"has-text-align-center has-black-color has-text-color has-background\" style=\"background-color:#63a850\">Josef Putz &#8211; B\u00e4rnau 2 &#8211; 94060 Pocking<br>Tel.: +49 (0) 8538 &#8211; 658 oder +49 (0) 8538 &#8211; 9124326<br>e-Mail: putz-alois@t-online.de &#8211; Web: www.ferienhof-fenzl.de<\/p>\n<\/div>\n<\/div>\n","protected":false},"excerpt":{"rendered":"<p>Die Einkaufsstadt Pocking Als Einkaufsstadt im Rottaler B\u00e4derdreieck bietet Pocking auch ein reiches Freizeit- und Erholungsprogramm.&nbsp;Gesch\u00e4fte und gem\u00fctliche Lokale laden zum Bummeln ein und sorgen f\u00fcr Abwechslung. Der Abbau von &#8230;<\/p>\n","protected":false},"author":1,"featured_media":0,"parent":0,"menu_order":0,"comment_status":"closed","ping_status":"closed","template":"","meta":{"footnotes":""},"_links":{"self":[{"href":"https:\/\/www.ferienhof-fenzl.de\/index.php\/wp-json\/wp\/v2\/pages\/88"}],"collection":[{"href":"https:\/\/www.ferienhof-fenzl.de\/index.php\/wp-json\/wp\/v2\/pages"}],"about":[{"href":"https:\/\/www.ferienhof-fenzl.de\/index.php\/wp-json\/wp\/v2\/types\/page"}],"author":[{"embeddable":true,"href":"https:\/\/www.ferienhof-fenzl.de\/index.php\/wp-json\/wp\/v2\/users\/1"}],"replies":[{"embeddable":true,"href":"https:\/\/www.ferienhof-fenzl.de\/index.php\/wp-json\/wp\/v2\/comments?post=88"}],"version-history":[{"count":7,"href":"https:\/\/www.ferienhof-fenzl.de\/index.php\/wp-json\/wp\/v2\/pages\/88\/revisions"}],"predecessor-version":[{"id":2430,"href":"https:\/\/www.ferienhof-fenzl.de\/index.php\/wp-json\/wp\/v2\/pages\/88\/revisions\/2430"}],"wp:attachment":[{"href":"https:\/\/www.ferienhof-fenzl.de\/index.php\/wp-json\/wp\/v2\/media?parent=88"}],"curies":[{"name":"wp","href":"https:\/\/api.w.org\/{rel}","templated":true}]}}