{"id":84,"date":"2018-12-17T16:51:56","date_gmt":"2018-12-17T15:51:56","guid":{"rendered":"http:\/\/www.ferienhof-fenzl.de\/?page_id=84"},"modified":"2026-02-06T11:48:41","modified_gmt":"2026-02-06T10:48:41","slug":"anfrage","status":"publish","type":"page","link":"https:\/\/www.ferienhof-fenzl.de\/index.php\/anfrage\/","title":{"rendered":"Anfrage"},"content":{"rendered":"<p><img loading=\"lazy\" decoding=\"async\" class=\"alignright wp-image-2619\" src=\"http:\/\/www.ferienhof-fenzl.de\/wp-content\/uploads\/2026\/02\/2026-1-300x76.png\" alt=\"\" width=\"250\" height=\"63\" srcset=\"https:\/\/www.ferienhof-fenzl.de\/wp-content\/uploads\/2026\/02\/2026-1-300x76.png 300w, https:\/\/www.ferienhof-fenzl.de\/wp-content\/uploads\/2026\/02\/2026-1-1024x259.png 1024w, https:\/\/www.ferienhof-fenzl.de\/wp-content\/uploads\/2026\/02\/2026-1-768x195.png 768w, https:\/\/www.ferienhof-fenzl.de\/wp-content\/uploads\/2026\/02\/2026-1.png 1216w\" sizes=\"(max-width: 250px) 100vw, 250px\" \/><\/p>\n<h1 class=\"componentheading\">Ferienhof Fenzl<\/h1>\n<div id=\"roomator_intro\">\n<h2>L\u00e4ndliches Leben zum Anfassen!<\/h2>\n<p><strong>Ankommen und sich Wohlf\u00fchlen, das w\u00fcnschen wir unseren G\u00e4sten!<\/strong><\/p>\n<h2>Bei uns bezahlen Sie keine Kurtaxe!<\/h2>\n<h3><strong>Sie machen hier eine Reservierungsanfrage, wenn zu dem gew\u00fcnschten Termin noch Zimmer frei sind erhalten Sie per Mail eine Buchungsbest\u00e4tigung.<\/strong><\/h3>\n<\/div>\n<div id=\"roomator_form\">\n<h3>Reservierungs Anfrage vornehmen &#8211; Schritt 1 \/ 3<\/h3>\n<\/div>\n<div id=\"metabox_basic_settings\" class=\"postbox\">\n<div class=\"inside\">\n<table class=\"wp-list-table widefat fixed striped table-view-list forms\">\n<tbody id=\"the-list\" data-wp-lists=\"list:form\">\n<tr>\n<td class=\"shortcode column-shortcode\" data-colname=\"Shortcode\"><div class=\"wpforms-container wpforms-container-full wpforms-render-modern\" id=\"wpforms-2544\"><form id=\"wpforms-form-2544\" class=\"wpforms-validate wpforms-form wpforms-ajax-form\" data-formid=\"2544\" method=\"post\" enctype=\"multipart\/form-data\" action=\"\/index.php\/wp-json\/wp\/v2\/pages\/84\" data-token=\"72141fd8a236a8efe143829138b0971e\"><noscript class=\"wpforms-error-noscript\">Bitte aktiviere JavaScript in deinem Browser, um dieses Formular fertigzustellen.<\/noscript><div class=\"wpforms-hidden\" id=\"wpforms-error-noscript\">Bitte aktiviere JavaScript in deinem Browser, um dieses Formular fertigzustellen.<\/div><div class=\"wpforms-field-container\"><div id=\"wpforms-2544-field_3-container\" class=\"wpforms-field wpforms-field-date-time\" data-field-id=\"3\"><fieldset><legend class=\"wpforms-field-label\">W\u00e4hlen Sie Datum und Uhrzeit: <span class=\"wpforms-required-label\" aria-hidden=\"true\">*<\/span><\/legend><div class=\"wpforms-field-row wpforms-field-large\"><div class=\"wpforms-field-row-block wpforms-date-type-datepicker\"><div class=\"wpforms-datepicker-wrap\"><input type=\"text\" id=\"wpforms-2544-field_3\" class=\"wpforms-field-date-time-date wpforms-datepicker wpforms-field-required\" data-date-format=\"m\/d\/Y\" data-disable-past-dates=\"0\" data-input=\"true\" name=\"wpforms[fields][3][date]\" aria-errormessage=\"wpforms-2544-field_3-error\" required><a title=\"Datum leeren\" data-clear class=\"wpforms-datepicker-clear\" style=\"display:none;\"><\/a><\/div><label for=\"wpforms-2544-field_3\" class=\"wpforms-field-sublabel after \">Datum<\/label><\/div><div class=\"wpforms-field-row-block\"><input type=\"text\" id=\"wpforms-2544-field_3-time\" class=\"wpforms-field-date-time-time wpforms-timepicker wpforms-field-required\" data-time-format=\"H:i\" data-step=\"60\" data-rule-time24h=\"true\" data-min-time=\"09:00\" data-max-time=\"16:00\" data-rule-time-limit=\"true\" name=\"wpforms[fields][3][time]\" aria-errormessage=\"wpforms-2544-field_3-time-error\" required><label for=\"wpforms-2544-field_3-time\" class=\"wpforms-field-sublabel after \">Zeit<\/label><\/div><\/div><\/fieldset><\/div><div id=\"wpforms-2544-field_4-container\" class=\"wpforms-field wpforms-field-phone\" data-field-id=\"4\"><label class=\"wpforms-field-label\" for=\"wpforms-2544-field_4\">Ihre Telefonnummer: <span class=\"wpforms-required-label\" aria-hidden=\"true\">*<\/span><\/label><input type=\"tel\" id=\"wpforms-2544-field_4\" class=\"wpforms-field-large wpforms-field-required wpforms-smart-phone-field\" data-rule-smart-phone-field=\"true\" name=\"wpforms[fields][4]\" aria-errormessage=\"wpforms-2544-field_4-error\" required><\/div><div id=\"wpforms-2544-field_0-container\" class=\"wpforms-field wpforms-field-name\" data-field-id=\"0\"><label class=\"wpforms-field-label\" for=\"wpforms-2544-field_0\">Ihr Name: <span class=\"wpforms-required-label\" aria-hidden=\"true\">*<\/span><\/label><input type=\"text\" id=\"wpforms-2544-field_0\" class=\"wpforms-field-large wpforms-field-required\" name=\"wpforms[fields][0]\" aria-errormessage=\"wpforms-2544-field_0-error\" required><\/div><div id=\"wpforms-2544-field_1-container\" class=\"wpforms-field wpforms-field-email\" data-field-id=\"1\"><label class=\"wpforms-field-label\" for=\"wpforms-2544-field_1\">Ihre E-Mail: <span class=\"wpforms-required-label\" aria-hidden=\"true\">*<\/span><\/label><input type=\"email\" id=\"wpforms-2544-field_1\" class=\"wpforms-field-large wpforms-field-required\" name=\"wpforms[fields][1]\" spellcheck=\"false\" aria-errormessage=\"wpforms-2544-field_1-error\" required><\/div><div id=\"wpforms-2544-field_2-container\" class=\"wpforms-field wpforms-field-textarea\" data-field-id=\"2\"><label class=\"wpforms-field-label\" for=\"wpforms-2544-field_2\">Kommentare \/ Fragen:<\/label><textarea id=\"wpforms-2544-field_2\" class=\"wpforms-field-medium\" name=\"wpforms[fields][2]\" aria-errormessage=\"wpforms-2544-field_2-error\" ><\/textarea><\/div><\/div><!-- .wpforms-field-container --><input type=\"hidden\" name=\"wpforms[recaptcha]\" value=\"\"><div class=\"wpforms-submit-container\" ><input type=\"hidden\" name=\"wpforms[id]\" value=\"2544\"><input type=\"hidden\" name=\"wpforms[author]\" value=\"1\"><button type=\"submit\" name=\"wpforms[submit]\" id=\"wpforms-submit-2544\" class=\"wpforms-submit\" data-alt-text=\"Wird gesendet\u00a0\u2026\" data-submit-text=\"Absenden\" aria-live=\"assertive\" value=\"wpforms-submit\">Absenden<\/button><img loading=\"lazy\" decoding=\"async\" src=\"https:\/\/www.ferienhof-fenzl.de\/wp-content\/plugins\/wpforms\/assets\/images\/submit-spin.svg\" class=\"wpforms-submit-spinner\" style=\"display: none;\" width=\"26\" height=\"26\" alt=\"Wird geladen\"><\/div><\/form><\/div>  <!-- .wpforms-container --><\/td>\n<\/tr>\n<\/tbody>\n<\/table>\n<p><span style=\"color: #333333; font-family: Raleway, Helvetica, Arial, sans-serif; font-size: 1.25rem; font-weight: 600;\">New Calendar \/ Item<\/span><\/p>\n<\/div>\n<\/div>\n<div id=\"metabox_basic_settings\" class=\"postbox\">\n<div class=\"inside\">\u00a0<\/div>\n<\/div>\n<p><strong>HINWEIS:<br \/><\/strong>Es kommt leider immer wieder vor, da\u00df Buchungen kurzfristig storniert werden m\u00fcssen. Es gelingt uns selten das Appartement anderweitig zu vermieten. Laut Gastaufnahmevertrag m\u00fcssten wir 80% des Appartement Preises in Rechnung stellen.<\/p>\n<p>Um Sie und uns vor finanziellen Schaden zu bewahren, empfehlen wir den Abschlu\u00df einer Reise-R\u00fccktritts-Versicherung.<\/p>\n<p>Sprechen Sie uns an, Antr\u00e4ge haben wir f\u00fcr Sie vorbereitet.<\/p>\n\n\n<div class=\"wp-block-group alignfull is-layout-flow wp-block-group-is-layout-flow\"><div class=\"wp-block-group__inner-container\">\n<p class=\"has-text-align-center has-black-color has-text-color has-background\" style=\"background-color:#63a850\">Josef Putz &#8211; B\u00e4rnau 2 &#8211; 94060 Pocking<br>Tel.: +49 (0) 8538 &#8211; 658 oder +49 (0) 8538 &#8211; 9124326<br>e-Mail: putz-alois@t-online.de &#8211; Web: www.ferienhof-fenzl.de<\/p>\n<\/div><\/div>\n\n\n\n<p><\/p>\n","protected":false},"excerpt":{"rendered":"<p>Ferienhof Fenzl L\u00e4ndliches Leben zum Anfassen! Ankommen und sich Wohlf\u00fchlen, das w\u00fcnschen wir unseren G\u00e4sten! Bei uns bezahlen Sie keine Kurtaxe! Sie machen hier eine Reservierungsanfrage, wenn zu dem gew\u00fcnschten &#8230;<\/p>\n","protected":false},"author":1,"featured_media":0,"parent":0,"menu_order":0,"comment_status":"closed","ping_status":"closed","template":"","meta":{"footnotes":""},"_links":{"self":[{"href":"https:\/\/www.ferienhof-fenzl.de\/index.php\/wp-json\/wp\/v2\/pages\/84"}],"collection":[{"href":"https:\/\/www.ferienhof-fenzl.de\/index.php\/wp-json\/wp\/v2\/pages"}],"about":[{"href":"https:\/\/www.ferienhof-fenzl.de\/index.php\/wp-json\/wp\/v2\/types\/page"}],"author":[{"embeddable":true,"href":"https:\/\/www.ferienhof-fenzl.de\/index.php\/wp-json\/wp\/v2\/users\/1"}],"replies":[{"embeddable":true,"href":"https:\/\/www.ferienhof-fenzl.de\/index.php\/wp-json\/wp\/v2\/comments?post=84"}],"version-history":[{"count":15,"href":"https:\/\/www.ferienhof-fenzl.de\/index.php\/wp-json\/wp\/v2\/pages\/84\/revisions"}],"predecessor-version":[{"id":2624,"href":"https:\/\/www.ferienhof-fenzl.de\/index.php\/wp-json\/wp\/v2\/pages\/84\/revisions\/2624"}],"wp:attachment":[{"href":"https:\/\/www.ferienhof-fenzl.de\/index.php\/wp-json\/wp\/v2\/media?parent=84"}],"curies":[{"name":"wp","href":"https:\/\/api.w.org\/{rel}","templated":true}]}}