{"id":81,"date":"2018-12-17T16:51:13","date_gmt":"2018-12-17T15:51:13","guid":{"rendered":"http:\/\/www.ferienhof-fenzl.de\/?page_id=81"},"modified":"2026-02-06T11:51:18","modified_gmt":"2026-02-06T10:51:18","slug":"region","status":"publish","type":"page","link":"https:\/\/www.ferienhof-fenzl.de\/index.php\/region\/","title":{"rendered":"Region"},"content":{"rendered":"<p><img loading=\"lazy\" decoding=\"async\" class=\"alignright wp-image-2619\" src=\"http:\/\/www.ferienhof-fenzl.de\/wp-content\/uploads\/2026\/02\/2026-1-300x76.png\" alt=\"\" width=\"250\" height=\"63\" srcset=\"https:\/\/www.ferienhof-fenzl.de\/wp-content\/uploads\/2026\/02\/2026-1-300x76.png 300w, https:\/\/www.ferienhof-fenzl.de\/wp-content\/uploads\/2026\/02\/2026-1-1024x259.png 1024w, https:\/\/www.ferienhof-fenzl.de\/wp-content\/uploads\/2026\/02\/2026-1-768x195.png 768w, https:\/\/www.ferienhof-fenzl.de\/wp-content\/uploads\/2026\/02\/2026-1.png 1216w\" sizes=\"(max-width: 250px) 100vw, 250px\" \/><\/p>\n<div class=\"PostMetadataHeader\">\u00a0<\/div>\n<div class=\"PostContent\">\n<h2>Therme I &#8211; Bad F\u00fcssings Urquelle<\/h2>\n<p><span style=\"color: #000000;\">Die Therme I ist Bad F\u00fcssings Quelle mit der gro\u00dfen Geschichte. Hier sprudelte Mitte des letzten Jahrhunderts erstmals das legend\u00e4re Bad F\u00fcssinger Thermalwasser 56 Grad hei\u00df aus 1 000 Meter Tiefe. Wirkungsstark mit seiner schwefelhaltigen Natrium &#8211; Hydrogencarbonat \u2013 Chlorid &#8211; Mineralienmischung und herausragend in seinen Eigenschaften.<\/span><\/p>\n<table border=\"0\" cellspacing=\"1\" cellpadding=\"1\">\n<tbody>\n<tr>\n<td><span style=\"color: #000000;\"><strong>Therme I<br \/>Kurallee 1<br \/>94072 Bad F\u00fcssing<br \/>Tel.: +49 (0) 8531\/94 46-0<br \/>Fax: +49 (0) 8531\/94 46-119<\/strong><\/span><br \/><a href=\"https:\/\/web.archive.org\/web\/20180827230333\/http:\/\/www.therme1.de\/\">www.therme1.de<\/a><br \/><a href=\"mailto:Info@therme1.de\">Info@therme1.de<\/a><\/td>\n<td>\n<p align=\"right\">\u00a0<\/p>\n<\/td>\n<\/tr>\n<\/tbody>\n<\/table>\n<p><strong>\u00a0<\/strong><\/p>\n<h2>Europa Therme \u2013 die Thermenwelt der Superlative<\/h2>\n<p><span style=\"color: #000000;\">Mit einer \u00fcber 3000 qm gro\u00dfen Thermenlandschaft ist die Europa Therme ein<\/span> <span style=\"color: #000000;\">Thermalbade- und Erholungszentrum von beeindruckender Dimension.<\/span><\/p>\n<table border=\"0\" cellspacing=\"1\" cellpadding=\"0\">\n<tbody>\n<tr>\n<td><strong><span style=\"color: #000000;\">Europa Therme<\/span><br \/><span style=\"color: #000000;\">Kurallee 23<\/span><br \/><span style=\"color: #000000;\">94072 Bad F\u00fcssing<\/span><br \/><span style=\"color: #000000;\">Tel.: +49 (0) 8531\/94 47-0<\/span><br \/><span style=\"color: #000000;\">Fax: +49 (0) 8531\/94 47-90<\/span><br \/><\/strong><a href=\"https:\/\/web.archive.org\/web\/20180827230333\/http:\/\/www.europatherme-badfuessing.de\/\">www.europatherme-badfuessing.de<\/a><br \/><a href=\"mailto:info@europatherme-badfuessing.de\">info@europatherme-badfuessing.de<\/a><\/td>\n<td>\u00a0<\/td>\n<\/tr>\n<\/tbody>\n<\/table>\n<p><img loading=\"lazy\" decoding=\"async\" title=\"Europa Therme Bad F\u00fcssing\" src=\"https:\/\/web.archive.org\/web\/20180827230333im_\/http:\/\/ferienhof-fenzl.de\/images\/europatherme_01.jpg\" alt=\"Europa Therme Bad F\u00fcssing\" width=\"250\" height=\"180\" align=\"bottom\" border=\"0\" \/>\u00a0<img loading=\"lazy\" decoding=\"async\" title=\"Europa Therme Bad F\u00fcssing\" src=\"https:\/\/web.archive.org\/web\/20180827230333im_\/http:\/\/ferienhof-fenzl.de\/images\/europatherme_02.jpg\" alt=\"Europa Therme Bad F\u00fcssing\" width=\"250\" height=\"180\" align=\"bottom\" border=\"0\" \/><\/p>\n<h2>Johannesbad Therme III<\/h2>\n<p><span style=\"color: #000000;\">Das Johannesbad mit seinem eigenen Thermalwasser- vorkommen z\u00e4hlt zu den ganz gro\u00dfen Kompetenzzentren f\u00fcr die Behandlung von Gelenkserkrankungen in Deutschland. Die \u00fcber 4500 qm gro\u00dfe Thermen &#8211; Wasserwelt des Johannesbads mit den 13 medizinischen Funktionsbecken im Innen- und Au\u00dfenbereich, ist das Herz dieses Hochleistungs-Therapiezentrums.<\/span><\/p>\n<p><span style=\"color: #000000;\"><strong>Johannesbad<br \/>Johannesstra\u00dfe 2<br \/>94072 Bad F\u00fcssing<br \/>Tel.: +49 (0) 8531\/23-0<br \/>Fax: +49 (0) 8531\/23 29 86<\/strong><\/span><br \/><a href=\"https:\/\/web.archive.org\/web\/20180827230333\/http:\/\/www.johannesbad.de\/\">www.johannesbad.de<\/a><br \/><a href=\"mailto:info@johannesbad.de\">info@johannesbad.de<\/a><\/p>\n<p><span style=\"color: #000000;\">Saunahof<\/span><\/p>\n<p><span style=\"color: #000000;\">Erleben Sie den neuen Saunahof in Europas beliebtestem Kurort Bad F\u00fcssing in Niederbayern. Schwitzen, Relaxen und Erholen auf 3.000 qm in einem originalgetreu wieder aufgebauten Rottaler Vierseithof des 18. Jahrhunderts.<\/span><br \/><span style=\"color: #000000;\">Machen Sie Urlaub vom Alltag.<\/span><\/p>\n<table border=\"0\" cellspacing=\"1\" cellpadding=\"1\">\n<tbody>\n<tr>\n<td><span style=\"color: #000000;\"><strong>Saunahof<br \/>Kurallee 1<br \/>94072 Bad F\u00fcssing<br \/>Tel.: +49 (0) 8531\/94 46-0<br \/>Fax: +49 (0) 8531\/94 46-119<\/strong><\/span><br \/><a href=\"https:\/\/web.archive.org\/web\/20180827230333\/http:\/\/www.therme1.de\/\">www.therme1.de<\/a><br \/><a href=\"mailto:Info@therme1.de\">Info@therme1.de<\/a><\/td>\n<td>\n<p align=\"right\">\u00a0<\/p>\n<\/td>\n<\/tr>\n<\/tbody>\n<\/table>\n<p><span style=\"color: #000000;\">Erleben Sie Bad F\u00fcssings neue Super-Sauna-Welt.<\/span><\/p>\n<p><img decoding=\"async\" src=\"https:\/\/web.archive.org\/web\/20180827230333im_\/http:\/\/ferienhof-fenzl.de\/images\/saunahof_03.jpg\" width=\"250\" align=\"bottom\" border=\"0\" \/>\u00a0<img decoding=\"async\" src=\"https:\/\/web.archive.org\/web\/20180827230333im_\/http:\/\/ferienhof-fenzl.de\/images\/saunahof_01.jpg\" width=\"250\" align=\"bottom\" border=\"0\" \/><\/p>\n<h2>Die Wohlf\u00fchltherme Bad Griesbach<\/h2>\n<p><span style=\"color: #000000;\">Ausgeglichenheit, ein gutes K\u00f6rpergef\u00fchl und die Spannkraft positiver Energien &#8211; vieles von dem, was im hektischen Alltagsbetrieb verloren geht, k\u00f6nnen Sie in der Therme Bad Griesbach wieder zur\u00fcckgewinnen.<\/span><\/p>\n<p><span style=\"color: #000000;\">Begleitet von hoch qualifizierten Fachkr\u00e4ften erleben Sie die f\u00fcr Sie besten Formen der Entspannung. Von der Thermal-Badelandschaft \u00fcber das Hamam bis hin zum Beauty-Programm f\u00fcr Sie und Ihn im Studio Iris bietet die Wohlf\u00fchl-Therme alles, was Ihnen gut tut.<\/span><\/p>\n<table border=\"0\" cellspacing=\"1\" cellpadding=\"1\">\n<tbody>\n<tr>\n<td><span style=\"color: #000000;\"><strong>Die Wohlf\u00fchltherme<br \/>Thermalbadstra\u00dfe 4<br \/>94086 Bad Griesbach<br \/>Tel.: +49 (0) 85 32 \/ 9 61 50<br \/>Fax: +49 (0) 85 32 \/ 96 15 14<\/strong><\/span><br \/><a href=\"https:\/\/web.archive.org\/web\/20180827230333\/http:\/\/www.wohlfuehltherme.de\/\">www.wohlfuehltherme.de<\/a><br \/><a href=\"mailto:info@wohlfuehltherme.de\">info@wohlfuehltherme.de<\/a><\/td>\n<td>\n<p align=\"right\">\u00a0<\/p>\n<\/td>\n<\/tr>\n<\/tbody>\n<\/table>\n<p><strong>\u00a0<\/strong><\/p>\n<h2>Rottal Therme Bad Birnbach<\/h2>\n<p><span style=\"color: #000000;\">&#8222;Die Entwicklung der Rottal Terme spiegelt unser Bestreben nach maximaler G\u00e4stezufriedenheit wieder, zeigt unsere gesetzten Ziele in puncto Qualit\u00e4t und wie wichtig es uns ist, unsere G\u00e4ste zu begeistern.\u201c<\/span><\/p>\n<table border=\"0\" cellspacing=\"1\" cellpadding=\"1\">\n<tbody>\n<tr>\n<td><strong><span style=\"color: #000000;\">Kurverwaltung Bad Birnbach<\/span><br \/><span style=\"color: #000000;\">Neuer Marktplatz 1<\/span><br \/><span style=\"color: #000000;\">84364 Bad Birnbach<\/span><br \/><span style=\"color: #000000;\">Telefon: +49 (0) 85 63 96 30 40<\/span><br \/><span style=\"color: #000000;\">Telefax: +49 (0) 85 63 96 30 66<\/span><\/strong><br \/><a href=\"https:\/\/web.archive.org\/web\/20180827230333\/http:\/\/www.badbirnbach.de\/\">www.badbirnbach.de<\/a><br \/><a href=\"mailto:kurverwaltung@badbirnbach.de\">kurverwaltung@badbirnbach.de<\/a><\/td>\n<td>\n<p align=\"right\">\u00a0<\/p>\n<\/td>\n<\/tr>\n<\/tbody>\n<\/table>\n<p><strong>\u00a0<\/strong><\/p>\n<h2>Therme Geinberg<\/h2>\n<p><span style=\"color: #000000;\">Eintauchen und sich treiben lassen<\/span><br \/><span style=\"color: #000000;\">Erleben Sie Entspannung pur in unserer gro\u00dfz\u00fcgigen Wasserwelt mit 3.000 m\u00b2 Wasserfl\u00e4che und w\u00e4hlen Sie ganz nach Lust und Laune zwischen wohlig-warmen Thermalbecken, der karibischen Salzwasser-Lagune und erfrischender Abk\u00fchlung. Die verschiedenen Temperaturen zwischen 26 und 36 \u00b0C bieten anregende Abwechslung.<\/span><\/p>\n<p><span style=\"color: #000000;\">Sp\u00fcren Sie die belebende Kraft des Wassers.<\/span><\/p>\n<table border=\"0\" cellspacing=\"1\" cellpadding=\"1\">\n<tbody>\n<tr>\n<td><strong><span style=\"color: #000000;\">TBG Thermenzentrum Geinberg BetriebsgmbH<\/span><br \/><span style=\"color: #000000;\">Thermenplatz 1<\/span><br \/><span style=\"color: #000000;\">A-4943 Geinberg\/Ober\u00f6sterreich<\/span><br \/><span style=\"color: #000000;\">Tel.: +43 (0) 7723-8500-0<\/span><br \/><span style=\"color: #000000;\">Fax: +43 (0) 7723-8500-999<\/span><br \/><\/strong><a href=\"https:\/\/web.archive.org\/web\/20180827230333\/http:\/\/www.therme-geinberg.at\/\">www.therme-geinberg.at<\/a><br \/><a href=\"mailto:therme@therme-geinberg.at\">therme@therme-geinberg.at<\/a><\/td>\n<td>\n<p align=\"right\">\u00a0<\/p>\n<\/td>\n<\/tr>\n<\/tbody>\n<\/table>\n<p><strong>\u00a0<\/strong><\/p>\n<\/div>\n<p style=\"text-align: center;\">\u00a0<\/p>\n\n\n<div class=\"wp-block-group alignfull is-layout-flow wp-block-group-is-layout-flow\"><div class=\"wp-block-group__inner-container\">\n<p class=\"has-text-align-center has-black-color has-text-color has-background\" style=\"background-color:#63a850\">Josef Putz &#8211; B\u00e4rnau 2 &#8211; 94060 Pocking<br>Tel.: +49 (0) 8538 &#8211; 658 oder +49 (0) 8538 &#8211; 9124326<br>e-Mail: putz-alois@t-online.de &#8211; Web: www.ferienhof-fenzl.de<\/p>\n<\/div><\/div>\n","protected":false},"excerpt":{"rendered":"<p>\u00a0 Therme I &#8211; Bad F\u00fcssings Urquelle Die Therme I ist Bad F\u00fcssings Quelle mit der gro\u00dfen Geschichte. Hier sprudelte Mitte des letzten Jahrhunderts erstmals das legend\u00e4re Bad F\u00fcssinger Thermalwasser &#8230;<\/p>\n","protected":false},"author":1,"featured_media":0,"parent":0,"menu_order":0,"comment_status":"closed","ping_status":"closed","template":"","meta":{"footnotes":""},"_links":{"self":[{"href":"https:\/\/www.ferienhof-fenzl.de\/index.php\/wp-json\/wp\/v2\/pages\/81"}],"collection":[{"href":"https:\/\/www.ferienhof-fenzl.de\/index.php\/wp-json\/wp\/v2\/pages"}],"about":[{"href":"https:\/\/www.ferienhof-fenzl.de\/index.php\/wp-json\/wp\/v2\/types\/page"}],"author":[{"embeddable":true,"href":"https:\/\/www.ferienhof-fenzl.de\/index.php\/wp-json\/wp\/v2\/users\/1"}],"replies":[{"embeddable":true,"href":"https:\/\/www.ferienhof-fenzl.de\/index.php\/wp-json\/wp\/v2\/comments?post=81"}],"version-history":[{"count":13,"href":"https:\/\/www.ferienhof-fenzl.de\/index.php\/wp-json\/wp\/v2\/pages\/81\/revisions"}],"predecessor-version":[{"id":2628,"href":"https:\/\/www.ferienhof-fenzl.de\/index.php\/wp-json\/wp\/v2\/pages\/81\/revisions\/2628"}],"wp:attachment":[{"href":"https:\/\/www.ferienhof-fenzl.de\/index.php\/wp-json\/wp\/v2\/media?parent=81"}],"curies":[{"name":"wp","href":"https:\/\/api.w.org\/{rel}","templated":true}]}}