{"id":79,"date":"2018-12-17T16:50:55","date_gmt":"2018-12-17T15:50:55","guid":{"rendered":"http:\/\/www.ferienhof-fenzl.de\/?page_id=79"},"modified":"2023-08-16T13:47:56","modified_gmt":"2023-08-16T11:47:56","slug":"hausprospekt","status":"publish","type":"page","link":"https:\/\/www.ferienhof-fenzl.de\/index.php\/hausprospekt\/","title":{"rendered":"Hausprospekt"},"content":{"rendered":"<p><span style=\"color: #000000;\">Hier k\u00f6nnen Sie unser Hausprospekt\u00a0<a style=\"color: #000000;\" title=\"Hausprospekt\" href=\"http:\/\/www.ferienhof-fenzl.de\/wp-content\/uploads\/2023\/08\/CCF16082023_0001.pdf\" target=\"_blank\" rel=\"noopener noreferrer\">downloaden<\/a>\u00a0(Downloadgr\u00f6\u00dfe ca. 2,1 MB).<\/span><\/p>\n<p><a href=\"http:\/\/www.ferienhof-fenzl.de\/wp-content\/uploads\/2019\/04\/Flyer_Fenzl_DL_2019.pdf\"><img loading=\"lazy\" decoding=\"async\" class=\"alignnone wp-image-2527 size-large\" src=\"http:\/\/www.ferienhof-fenzl.de\/wp-content\/uploads\/2023\/08\/CCI16082023-1024x718.jpg\" alt=\"\" width=\"800\" height=\"561\" srcset=\"https:\/\/www.ferienhof-fenzl.de\/wp-content\/uploads\/2023\/08\/CCI16082023-1024x718.jpg 1024w, https:\/\/www.ferienhof-fenzl.de\/wp-content\/uploads\/2023\/08\/CCI16082023-300x210.jpg 300w, https:\/\/www.ferienhof-fenzl.de\/wp-content\/uploads\/2023\/08\/CCI16082023-768x538.jpg 768w, https:\/\/www.ferienhof-fenzl.de\/wp-content\/uploads\/2023\/08\/CCI16082023-1536x1077.jpg 1536w, https:\/\/www.ferienhof-fenzl.de\/wp-content\/uploads\/2023\/08\/CCI16082023-2048x1435.jpg 2048w\" sizes=\"(max-width: 800px) 100vw, 800px\" \/><\/a><\/p>\n<p><img loading=\"lazy\" decoding=\"async\" class=\"alignnone wp-image-2532 size-large\" src=\"http:\/\/www.ferienhof-fenzl.de\/wp-content\/uploads\/2023\/08\/CCI16082023_0001-scaled-e1692186436929-1024x718.jpg\" alt=\"\" width=\"800\" height=\"561\" srcset=\"https:\/\/www.ferienhof-fenzl.de\/wp-content\/uploads\/2023\/08\/CCI16082023_0001-scaled-e1692186436929-1024x718.jpg 1024w, https:\/\/www.ferienhof-fenzl.de\/wp-content\/uploads\/2023\/08\/CCI16082023_0001-scaled-e1692186436929-300x210.jpg 300w, https:\/\/www.ferienhof-fenzl.de\/wp-content\/uploads\/2023\/08\/CCI16082023_0001-scaled-e1692186436929-768x538.jpg 768w, https:\/\/www.ferienhof-fenzl.de\/wp-content\/uploads\/2023\/08\/CCI16082023_0001-scaled-e1692186436929-1536x1076.jpg 1536w, https:\/\/www.ferienhof-fenzl.de\/wp-content\/uploads\/2023\/08\/CCI16082023_0001-scaled-e1692186436929-2048x1435.jpg 2048w\" sizes=\"(max-width: 800px) 100vw, 800px\" \/><\/p>\n\n\n<div class=\"wp-block-columns is-layout-flex wp-container-core-columns-layout-12 wp-block-columns-is-layout-flex\">\n<div class=\"wp-block-column is-layout-flow wp-block-column-is-layout-flow\" style=\"flex-basis:100%\">\n<div class=\"wp-block-columns alignfull is-layout-flex wp-container-core-columns-layout-11 wp-block-columns-is-layout-flex\">\n<div class=\"wp-block-column is-layout-flow wp-block-column-is-layout-flow\" style=\"flex-basis:100%\">\n<div class=\"wp-block-columns alignfull is-layout-flex wp-container-core-columns-layout-10 wp-block-columns-is-layout-flex\">\n<div class=\"wp-block-column is-layout-flow wp-block-column-is-layout-flow\" style=\"flex-basis:100%\">\n<div class=\"wp-block-columns is-layout-flex wp-container-core-columns-layout-9 wp-block-columns-is-layout-flex\">\n<div class=\"wp-block-column is-layout-flow wp-block-column-is-layout-flow\" style=\"flex-basis:100%\">\n<div class=\"wp-block-group is-layout-flow wp-block-group-is-layout-flow\"><div class=\"wp-block-group__inner-container\">\n<div class=\"wp-block-columns alignfull is-layout-flex wp-container-core-columns-layout-8 wp-block-columns-is-layout-flex\">\n<div class=\"wp-block-column is-layout-flow wp-block-column-is-layout-flow\" style=\"flex-basis:100%\">\n<div class=\"wp-block-columns alignfull is-layout-flex wp-container-core-columns-layout-7 wp-block-columns-is-layout-flex\">\n<div class=\"wp-block-column is-layout-flow wp-block-column-is-layout-flow\" style=\"flex-basis:100%\">\n<div class=\"wp-block-columns is-layout-flex wp-container-core-columns-layout-6 wp-block-columns-is-layout-flex\">\n<div class=\"wp-block-column is-layout-flow wp-block-column-is-layout-flow\" style=\"flex-basis:100%\">\n<div class=\"wp-block-columns alignfull is-layout-flex wp-container-core-columns-layout-5 wp-block-columns-is-layout-flex\">\n<div class=\"wp-block-column is-layout-flow wp-block-column-is-layout-flow\" style=\"flex-basis:100%\">\n<div class=\"wp-block-columns alignfull is-layout-flex wp-container-core-columns-layout-4 wp-block-columns-is-layout-flex\">\n<div class=\"wp-block-column is-layout-flow wp-block-column-is-layout-flow\" style=\"flex-basis:100%\">\n<div class=\"wp-block-columns alignfull is-layout-flex wp-container-core-columns-layout-3 wp-block-columns-is-layout-flex\">\n<div class=\"wp-block-column is-layout-flow wp-block-column-is-layout-flow\" style=\"flex-basis:100%\">\n<div class=\"wp-block-columns alignfull is-layout-flex wp-container-core-columns-layout-2 wp-block-columns-is-layout-flex\">\n<div class=\"wp-block-column is-layout-flow wp-block-column-is-layout-flow\" style=\"flex-basis:100%\">\n<div class=\"wp-block-columns is-layout-flex wp-container-core-columns-layout-1 wp-block-columns-is-layout-flex\">\n<div class=\"wp-block-column is-layout-flow wp-block-column-is-layout-flow\" style=\"flex-basis:100%\">\n<p class=\"has-text-align-center has-black-color has-text-color has-background\" style=\"background-color:#63a850\">\nJosef Putz &#8211; B\u00e4rnau 2 &#8211; 94060 Pocking<br>Tel.: +49 (0) 8538 &#8211; 658 oder +49 (0) 8538 &#8211; 9124326<br>e-Mail: putz-alois@t-online.de &#8211; Web: www.ferienhof-fenzl.de\n\n<\/p>\n<\/div>\n<\/div>\n<\/div>\n<\/div>\n<\/div>\n<\/div>\n<\/div>\n<\/div>\n<\/div>\n<\/div>\n<\/div>\n<\/div>\n<\/div>\n<\/div>\n<\/div>\n<\/div>\n<\/div><\/div>\n<\/div>\n<\/div>\n<\/div>\n<\/div>\n<\/div>\n<\/div>\n<\/div>\n<\/div>\n\n\n\n<p><\/p>\n","protected":false},"excerpt":{"rendered":"<p>Hier k\u00f6nnen Sie unser Hausprospekt\u00a0downloaden\u00a0(Downloadgr\u00f6\u00dfe ca. 2,1 MB). Josef Putz &#8211; B\u00e4rnau 2 &#8211; 94060 PockingTel.: +49 (0) 8538 &#8211; 658 oder +49 (0) 8538 &#8211; 9124326e-Mail: putz-alois@t-online.de &#8211; Web: &#8230;<\/p>\n","protected":false},"author":1,"featured_media":0,"parent":0,"menu_order":0,"comment_status":"closed","ping_status":"closed","template":"","meta":{"footnotes":""},"_links":{"self":[{"href":"https:\/\/www.ferienhof-fenzl.de\/index.php\/wp-json\/wp\/v2\/pages\/79"}],"collection":[{"href":"https:\/\/www.ferienhof-fenzl.de\/index.php\/wp-json\/wp\/v2\/pages"}],"about":[{"href":"https:\/\/www.ferienhof-fenzl.de\/index.php\/wp-json\/wp\/v2\/types\/page"}],"author":[{"embeddable":true,"href":"https:\/\/www.ferienhof-fenzl.de\/index.php\/wp-json\/wp\/v2\/users\/1"}],"replies":[{"embeddable":true,"href":"https:\/\/www.ferienhof-fenzl.de\/index.php\/wp-json\/wp\/v2\/comments?post=79"}],"version-history":[{"count":18,"href":"https:\/\/www.ferienhof-fenzl.de\/index.php\/wp-json\/wp\/v2\/pages\/79\/revisions"}],"predecessor-version":[{"id":2534,"href":"https:\/\/www.ferienhof-fenzl.de\/index.php\/wp-json\/wp\/v2\/pages\/79\/revisions\/2534"}],"wp:attachment":[{"href":"https:\/\/www.ferienhof-fenzl.de\/index.php\/wp-json\/wp\/v2\/media?parent=79"}],"curies":[{"name":"wp","href":"https:\/\/api.w.org\/{rel}","templated":true}]}}