{"id":75,"date":"2018-12-17T16:50:25","date_gmt":"2018-12-17T15:50:25","guid":{"rendered":"http:\/\/www.ferienhof-fenzl.de\/?page_id=75"},"modified":"2019-01-07T16:20:00","modified_gmt":"2019-01-07T15:20:00","slug":"pauschal-angebote","status":"publish","type":"page","link":"https:\/\/www.ferienhof-fenzl.de\/index.php\/pauschal-angebote\/","title":{"rendered":"Pauschal Angebote"},"content":{"rendered":"<p><span><strong>Urlaubs-Bade-Woche<br \/>\n<\/strong><br \/>\n<\/span><span>Nutzen Sie die legend\u00e4re Heilkraft unserer hei\u00dfen Quellen Johannesbad, Therme 1 mit Saunaparadies und Europa Therme. Genie\u00dfen Sie das warme Wasser und Sie werden wieder Fit f\u00fcr den Alltag!<\/p>\n<p><\/span><span><strong>7 \u00dcN f\u00fcr 2 Personen<br \/>\nG\u00fcltig vom 01.11.2015 bis 31.03.2016<\/strong><\/p>\n<p><\/span><span><strong>Leistungsumfang<\/strong><br \/>\n&#8211; 7 \u00dcbernachtungen im 4* Appartement<br \/>\n&#8211; 10 Thermalb\u00e4der in der Therme Ihrer Wahl<br \/>\n&#8211; Br\u00f6tchenservice<\/p>\n<p><\/span><span><strong>Pauschalpreis im 1-Zimmer Appartement\u00a0300,00 \u20ac<br \/>\nPauschalpreis im 2-Zimmer Appartement\u00a0320,00 \u20ac<br \/>\n<\/strong><\/span><span>je weitere Person 8,- \u20ac\/Tag<\/span><br \/>\n<span><strong><\/strong><img decoding=\"async\" src=\"https:\/\/web.archive.org\/web\/20180828081005im_\/http:\/\/ferienhof-fenzl.de\/images\/badewochen_01.jpg\" border=\"0\" \/>\u00a0<img decoding=\"async\" src=\"https:\/\/web.archive.org\/web\/20180828081005im_\/http:\/\/ferienhof-fenzl.de\/images\/badewochen_02.jpg\" border=\"0\" \/>\u00a0<img decoding=\"async\" src=\"https:\/\/web.archive.org\/web\/20180828081005im_\/http:\/\/ferienhof-fenzl.de\/images\/badewochen_03.jpg\" border=\"0\" \/><\/p>\n<p><\/span><span><strong>Wohlf\u00fchl-Woche<br \/>\n<\/strong><br \/>\n<\/span><span>Abschalten und sich Wohlf\u00fchlen in unseren komfortablen, hell eingerichteten Ferienwohnungen mit Balkon oder Terrasse.<br \/>\nBlumen \u2013 Garten und den Sonnenuntergang genie\u00dfen.<\/p>\n<p><\/span><span><strong>7 \u00dcN f\u00fcr 2 Personen<br \/>\nG\u00fcltig vom 01.11.2015 bis 31.03.2016<br \/>\n<\/strong><br \/>\n<\/span><span><strong>Leistungsumfang<\/strong><br \/>\n&#8211; 7 \u00dcbernachtungen im 4* Appartement<br \/>\n&#8211; 10 Thermalb\u00e4der Ihrer Wahl<br \/>\n&#8211; 1 Ganzk\u00f6rpermassage oder wahlweise 2 Teilmassagen (Dauer 60 min. oder 2 x 30 min.)<br \/>\n&#8211; Br\u00f6tchenservice<\/p>\n<p><\/span><span><strong>Pauschalpreis im 1-Zimmer Appartement\u00a0350,00 \u20ac<br \/>\nPauschalpreis im 2-Zimmer Appartement\u00a0370,00 \u20ac<br \/>\n<\/strong><\/span><span>je weitere Person 8,- \u20ac\/Tag<\/span><br \/>\n<span><strong><\/strong><img decoding=\"async\" src=\"https:\/\/web.archive.org\/web\/20180828081005im_\/http:\/\/ferienhof-fenzl.de\/images\/wohlfuehl_01.jpg\" border=\"0\" \/>\u00a0<img decoding=\"async\" src=\"https:\/\/web.archive.org\/web\/20180828081005im_\/http:\/\/ferienhof-fenzl.de\/images\/wohlfuehl_02.jpg\" border=\"0\" \/>\u00a0<img decoding=\"async\" src=\"https:\/\/web.archive.org\/web\/20180828081005im_\/http:\/\/ferienhof-fenzl.de\/images\/wohlfuehl_03.jpg\" border=\"0\" \/><\/span><\/p>\n","protected":false},"excerpt":{"rendered":"<p>Urlaubs-Bade-Woche Nutzen Sie die legend\u00e4re Heilkraft unserer hei\u00dfen Quellen Johannesbad, Therme 1 mit Saunaparadies und Europa Therme. Genie\u00dfen Sie das warme Wasser und Sie werden wieder Fit f\u00fcr den Alltag! &#8230;<\/p>\n","protected":false},"author":1,"featured_media":0,"parent":0,"menu_order":0,"comment_status":"closed","ping_status":"closed","template":"","meta":{"footnotes":""},"_links":{"self":[{"href":"https:\/\/www.ferienhof-fenzl.de\/index.php\/wp-json\/wp\/v2\/pages\/75"}],"collection":[{"href":"https:\/\/www.ferienhof-fenzl.de\/index.php\/wp-json\/wp\/v2\/pages"}],"about":[{"href":"https:\/\/www.ferienhof-fenzl.de\/index.php\/wp-json\/wp\/v2\/types\/page"}],"author":[{"embeddable":true,"href":"https:\/\/www.ferienhof-fenzl.de\/index.php\/wp-json\/wp\/v2\/users\/1"}],"replies":[{"embeddable":true,"href":"https:\/\/www.ferienhof-fenzl.de\/index.php\/wp-json\/wp\/v2\/comments?post=75"}],"version-history":[{"count":3,"href":"https:\/\/www.ferienhof-fenzl.de\/index.php\/wp-json\/wp\/v2\/pages\/75\/revisions"}],"predecessor-version":[{"id":248,"href":"https:\/\/www.ferienhof-fenzl.de\/index.php\/wp-json\/wp\/v2\/pages\/75\/revisions\/248"}],"wp:attachment":[{"href":"https:\/\/www.ferienhof-fenzl.de\/index.php\/wp-json\/wp\/v2\/media?parent=75"}],"curies":[{"name":"wp","href":"https:\/\/api.w.org\/{rel}","templated":true}]}}