{"id":73,"date":"2018-12-17T16:50:10","date_gmt":"2018-12-17T15:50:10","guid":{"rendered":"http:\/\/www.ferienhof-fenzl.de\/?page_id=73"},"modified":"2026-02-06T11:49:36","modified_gmt":"2026-02-06T10:49:36","slug":"preise","status":"publish","type":"page","link":"https:\/\/www.ferienhof-fenzl.de\/index.php\/preise\/","title":{"rendered":"Preise"},"content":{"rendered":"\n<div class=\"wp-block-group is-layout-flow wp-block-group-is-layout-flow\"><div class=\"wp-block-group__inner-container\">\n<div class=\"wp-block-group is-layout-flow wp-block-group-is-layout-flow\"><div class=\"wp-block-group__inner-container\">\n<p><img loading=\"lazy\" decoding=\"async\" class=\"alignright wp-image-2619\" src=\"http:\/\/www.ferienhof-fenzl.de\/wp-content\/uploads\/2026\/02\/2026-1-300x76.png\" alt=\"\" width=\"250\" height=\"63\" srcset=\"https:\/\/www.ferienhof-fenzl.de\/wp-content\/uploads\/2026\/02\/2026-1-300x76.png 300w, https:\/\/www.ferienhof-fenzl.de\/wp-content\/uploads\/2026\/02\/2026-1-1024x259.png 1024w, https:\/\/www.ferienhof-fenzl.de\/wp-content\/uploads\/2026\/02\/2026-1-768x195.png 768w, https:\/\/www.ferienhof-fenzl.de\/wp-content\/uploads\/2026\/02\/2026-1.png 1216w\" sizes=\"(max-width: 250px) 100vw, 250px\" \/><\/p>\n\n\n\n<h2 class=\"wp-block-heading\">1-ZIMMERAPPARTEMENT<\/h2>\n<\/div><\/div>\n\n\n\n<div class=\"wp-block-group is-layout-flow wp-block-group-is-layout-flow\"><div class=\"wp-block-group__inner-container\">\n<p class=\"has-black-color has-text-color\">\u2022 ca. 38 qm<br><font _mstmutation=\"1\" _msttexthash=\"1160575\" _msthash=\"1472\">\u2022 1. und 2. Obergeschoss<\/font><br><font _mstmutation=\"1\" _msttexthash=\"2193490\" _msthash=\"1474\">\u2022 K\u00fcchenzeile, kombinierter Wohn-\/Schlafraum<\/font><br><font _mstmutation=\"1\" _msttexthash=\"1016756\" _msthash=\"1475\">\u2022 Bad mit Dusche\/WC<\/font><br><font _mstmutation=\"1\" _msttexthash=\"1448083\" _msthash=\"1476\">\u2022 Balkon im 1. Obergeschoss <\/font><br><font _mstmutation=\"1\" _msttexthash=\"2590809\" _msthash=\"1477\">\u2022 inkl. Bettw\u00e4sche, Handt\u00fccher und Geschirrt\u00fccher<\/font><br><font _mstmutation=\"1\" _msttexthash=\"808886\" _msthash=\"1478\">\u2022 inkl. <\/font><strong _istranslated=\"1\">kostenlosem <\/strong><font _mstmutation=\"1\" _msttexthash=\"41093\" _msthash=\"1479\">W-LAN <\/font><\/p>\n<\/div><\/div>\n\n\n\n<div class=\"wp-block-columns has-black-color has-text-color is-layout-flex wp-container-core-columns-layout-1 wp-block-columns-is-layout-flex\">\n<div class=\"wp-block-column is-layout-flow wp-block-column-is-layout-flow\" style=\"flex-basis:100%\">\n<figure class=\"wp-block-table is-style-regular\"><table class=\"has-background\" style=\"background-color:#95d685\"><tbody><tr><td class=\"has-text-align-center\" data-align=\"center\"><strong>2 &#8211; 3 \u00dcN<\/strong><\/td><td class=\"has-text-align-center\" data-align=\"center\"><strong>4 &#8211; 7 \u00dcN<\/strong><\/td><td class=\"has-text-align-center\" data-align=\"center\"><strong>ab 8 \u00dcN<\/strong><\/td><\/tr><tr><td class=\"has-text-align-center\" data-align=\"center\">ab Euro 49,00<\/td><td class=\"has-text-align-center\" data-align=\"center\">ab EUR 44,00<\/td><td class=\"has-text-align-center\" data-align=\"center\">ab EUR 36,00<\/td><\/tr><\/tbody><\/table><figcaption class=\"wp-element-caption\"><strong>Eine \u00dcbernachtung auf Anfrage<\/strong><\/figcaption><\/figure>\n<\/div>\n<\/div>\n\n\n\n<h2 class=\"wp-block-heading\">&nbsp;<\/h2>\n\n\n\n<h2 class=\"wp-block-heading\">2-ZIMMERAPPARTEMENT<\/h2>\n\n\n\n<p class=\"has-black-color has-text-color\">\u2022 ca. 44 qm<br>\u2022 Erd- und Obergescho\u00df<br>\u2022 K\u00fcchenzeile, seperaten Wohn- und Schlafraum<br>\u2022 Bad mit Dusche\/WC<br>\u2022 Terasse\/Balkon<br>\u2022 inkl. Bettw\u00e4sche, Handt\u00fccher und Geschirrt\u00fccher<br>\u2022 inkl.&nbsp;<strong>kostenlosem <\/strong>W-LAN <\/p>\n\n\n\n<div class=\"wp-block-columns is-layout-flex wp-container-core-columns-layout-2 wp-block-columns-is-layout-flex\">\n<div class=\"wp-block-column is-layout-flow wp-block-column-is-layout-flow\" style=\"flex-basis:100%\">\n<figure class=\"wp-block-table is-style-regular\"><table class=\"has-black-color has-text-color has-background has-link-color\" style=\"background-color:#95d685\"><tbody><tr><td class=\"has-text-align-center\" data-align=\"center\"><strong>2 &#8211; 3 \u00dcN<\/strong><\/td><td class=\"has-text-align-center\" data-align=\"center\"><strong>4 &#8211; 7 \u00dcN<\/strong><\/td><td class=\"has-text-align-center\" data-align=\"center\"><strong>ab 8 \u00dcN<\/strong><\/td><\/tr><tr><td class=\"has-text-align-center\" data-align=\"center\">ab EUR 52,00<\/td><td class=\"has-text-align-center\" data-align=\"center\">ab EUR 47,00<\/td><td class=\"has-text-align-center\" data-align=\"center\">ab EUR 39,00<\/td><\/tr><\/tbody><\/table><figcaption class=\"wp-element-caption\"><strong><mark style=\"background-color:rgba(0, 0, 0, 0)\" class=\"has-inline-color has-black-color\">Eine \u00dcbernachtung auf Anfrage<\/mark><\/strong><\/figcaption><\/figure>\n<\/div>\n<\/div>\n\n\n\n<p><font _mstmutation=\"1\"><\/font><\/p>\n\n\n\n<p><font _mstmutation=\"1\"><\/font><\/p>\n\n\n\n<p class=\"has-black-color has-text-color\">Drei unserer 2-Zimmerappartements sind barrierefrei im Erdgescho\u00df eingerichtet. Preise g\u00fcltig f\u00fcr zwei Personen. <br><font _mstmutation=\"1\" _msttexthash=\"395174\" _msthash=\"470\">Jede weitere Person 12,<\/font><font _mstmutation=\"1\" _msttexthash=\"3097952\" _msthash=\"471\">00 EUR Zuschlag\/Tag mit Zustellbett oder Schlafcouch bis max. 2 Personen. <\/font><br><font _mstmutation=\"1\" _msttexthash=\"288743\" _msthash=\"472\">Hunde auf Anfrage.<\/font><\/p>\n\n\n\n<h4 class=\"wp-block-heading has-black-color has-white-background-color has-text-color has-background has-link-color wp-elements-7c5d0c18ccfdc12311a60657d379c101\">&nbsp;!! Kartenzahlungen m\u00f6glich !!<\/h4>\n\n\n\n<p class=\"has-black-color has-text-color has-link-color wp-elements-515a1040139973dd268e8a758d6e8e4f\"><strong>Bei uns bekommen Sie auch Gutscheine.<\/strong><\/p>\n\n\n\n<p><font _mstmutation=\"1\"><\/font><\/p>\n\n\n\n<p class=\"has-black-color has-text-color\">Entspannung und Wohlbehagen im warmen Thermalwasser in Bad F\u00fcssing sowie in unsern gem\u00fctlichen Appartements.<\/p>\n\n\n\n<p class=\"has-black-color has-text-color\">An- und Abreise auch an Sonn- und Feiertagen m\u00f6glich.<\/p>\n\n\n\n<p class=\"has-black-color has-text-color\">Alle Preise sind Endbetr\u00e4ge!<\/p>\n<\/div><\/div>\n\n\n\n<div class=\"wp-block-group alignfull is-layout-flow wp-block-group-is-layout-flow\"><div class=\"wp-block-group__inner-container\">\n<p class=\"has-text-align-center has-black-color has-text-color has-background\" style=\"background-color:#63a850\">\nJosef Putz &#8211; B\u00e4rnau 2 &#8211; 94060 Pocking<br>Tel.: +49 (0) 8538 &#8211; 658 oder +49 (0) 8538 &#8211; 9124326<br>e-Mail: putz-alois@t-online.de &#8211; Web: www.ferienhof-fenzl.de\n\n<\/p>\n<\/div><\/div>\n","protected":false},"excerpt":{"rendered":"<p>1-ZIMMERAPPARTEMENT \u2022 ca. 38 qm\u2022 1. und 2. Obergeschoss\u2022 K\u00fcchenzeile, kombinierter Wohn-\/Schlafraum\u2022 Bad mit Dusche\/WC\u2022 Balkon im 1. Obergeschoss \u2022 inkl. Bettw\u00e4sche, Handt\u00fccher und Geschirrt\u00fccher\u2022 inkl. kostenlosem W-LAN 2 &#8211; &#8230;<\/p>\n","protected":false},"author":1,"featured_media":0,"parent":0,"menu_order":0,"comment_status":"closed","ping_status":"closed","template":"","meta":{"footnotes":""},"_links":{"self":[{"href":"https:\/\/www.ferienhof-fenzl.de\/index.php\/wp-json\/wp\/v2\/pages\/73"}],"collection":[{"href":"https:\/\/www.ferienhof-fenzl.de\/index.php\/wp-json\/wp\/v2\/pages"}],"about":[{"href":"https:\/\/www.ferienhof-fenzl.de\/index.php\/wp-json\/wp\/v2\/types\/page"}],"author":[{"embeddable":true,"href":"https:\/\/www.ferienhof-fenzl.de\/index.php\/wp-json\/wp\/v2\/users\/1"}],"replies":[{"embeddable":true,"href":"https:\/\/www.ferienhof-fenzl.de\/index.php\/wp-json\/wp\/v2\/comments?post=73"}],"version-history":[{"count":42,"href":"https:\/\/www.ferienhof-fenzl.de\/index.php\/wp-json\/wp\/v2\/pages\/73\/revisions"}],"predecessor-version":[{"id":2625,"href":"https:\/\/www.ferienhof-fenzl.de\/index.php\/wp-json\/wp\/v2\/pages\/73\/revisions\/2625"}],"wp:attachment":[{"href":"https:\/\/www.ferienhof-fenzl.de\/index.php\/wp-json\/wp\/v2\/media?parent=73"}],"curies":[{"name":"wp","href":"https:\/\/api.w.org\/{rel}","templated":true}]}}