{"id":67,"date":"2018-12-17T16:06:21","date_gmt":"2018-12-17T15:06:21","guid":{"rendered":"http:\/\/www.ferienhof-fenzl.de\/?page_id=67"},"modified":"2026-02-06T11:55:21","modified_gmt":"2026-02-06T10:55:21","slug":"hoftaverne","status":"publish","type":"page","link":"https:\/\/www.ferienhof-fenzl.de\/index.php\/hoftaverne\/","title":{"rendered":"Hoftaverne"},"content":{"rendered":"<p><img loading=\"lazy\" decoding=\"async\" class=\"alignright wp-image-2619\" src=\"http:\/\/www.ferienhof-fenzl.de\/wp-content\/uploads\/2026\/02\/2026-1-300x76.png\" alt=\"\" width=\"250\" height=\"63\" srcset=\"https:\/\/www.ferienhof-fenzl.de\/wp-content\/uploads\/2026\/02\/2026-1-300x76.png 300w, https:\/\/www.ferienhof-fenzl.de\/wp-content\/uploads\/2026\/02\/2026-1-1024x259.png 1024w, https:\/\/www.ferienhof-fenzl.de\/wp-content\/uploads\/2026\/02\/2026-1-768x195.png 768w, https:\/\/www.ferienhof-fenzl.de\/wp-content\/uploads\/2026\/02\/2026-1.png 1216w\" sizes=\"(max-width: 250px) 100vw, 250px\" \/><\/p>\n<h2>Unterhaltung und Gem\u00fctlichkeit in der Hoftaverne!<\/h2>\n<p><span style=\"color: #000000;\">Die \u00dcberdachte Hoftaverne ist zweifelsohne das Herzst\u00fcck unseres Ferienhofes.<\/span><br \/><span style=\"color: #000000;\">Hier treffen sich Jung und Alt zum gem\u00fctlichen Beieinandersitzen nach einem<\/span><br \/><span style=\"color: #000000;\">erlebnisreichen Urlaubstag. Die passenden Getr\u00e4nke dazu stehen zur selbstbedienung jederzeit zur Verf\u00fcgung.<\/span><\/p>\n<div align=\"left\"><span style=\"color: #000000;\"><div id=\"metaslider-id-1558\" style=\"max-width: 500px;\" class=\"ml-slider-3-50-0 metaslider metaslider-flex metaslider-1558 ml-slider ms-theme-default\" role=\"region\" aria-roledescription=\"Slideshow\" aria-label=\"hoftaverne\">\n    <div id=\"metaslider_container_1558\">\n        <div id=\"metaslider_1558\">\n            <ul aria-live=\"polite\" class=\"slides\">\n                <li style=\"display: block; width: 100%;\" class=\"slide-1563 ms-image\" aria-roledescription=\"slide\" aria-label=\"slide-1563\"><img loading=\"lazy\" decoding=\"async\" src=\"https:\/\/www.ferienhof-fenzl.de\/wp-content\/uploads\/2019\/04\/Hoftaverne-1-500x300.jpg\" height=\"300\" width=\"500\" alt=\"\" class=\"slider-1558 slide-1563\" title=\"Hoftaverne (1)\" \/><\/li>\n                <li style=\"display: none; width: 100%;\" class=\"slide-1810 ms-image\" aria-roledescription=\"slide\" aria-label=\"slide-1810\"><img loading=\"lazy\" decoding=\"async\" src=\"https:\/\/www.ferienhof-fenzl.de\/wp-content\/uploads\/2021\/06\/DSC_2027-scaled-500x300.jpg\" height=\"300\" width=\"500\" alt=\"\" class=\"slider-1558 slide-1810\" title=\"DSC_2027\" \/><\/li>\n                <li style=\"display: none; width: 100%;\" class=\"slide-1786 ms-image\" aria-roledescription=\"slide\" aria-label=\"slide-1786\"><img loading=\"lazy\" decoding=\"async\" src=\"https:\/\/www.ferienhof-fenzl.de\/wp-content\/uploads\/2019\/04\/Hoftaverne-3-500x300.jpg\" height=\"300\" width=\"500\" alt=\"\" class=\"slider-1558 slide-1786\" title=\"Hoftaverne (3)\" \/><\/li>\n                <li style=\"display: none; width: 100%;\" class=\"slide-1787 ms-image\" aria-roledescription=\"slide\" aria-label=\"slide-1787\"><img loading=\"lazy\" decoding=\"async\" src=\"https:\/\/www.ferienhof-fenzl.de\/wp-content\/uploads\/2019\/04\/Hoftaverne-4-500x300.jpg\" height=\"300\" width=\"500\" alt=\"\" class=\"slider-1558 slide-1787\" title=\"Hoftaverne (4)\" \/><\/li>\n            <\/ul>\n        <\/div>\n        \n    <\/div>\n<\/div><\/span><\/div>\n<p>\u00a0<\/p>\n<p><span style=\"color: #000000;\">Der daneben gelegene Spielplatz erlaubt Ihnen, Ihre Kinder jederzeit im Blickfeld zu haben.<\/span><\/p>\n<p>\u00a0<\/p>\n<p>\u00a0<\/p>\n\n\n<div class=\"wp-block-group alignfull is-layout-flow wp-block-group-is-layout-flow\"><div class=\"wp-block-group__inner-container\">\n<p class=\"has-text-align-center has-black-color has-text-color has-background\" style=\"background-color:#63a850\">\nJosef Putz &#8211; B\u00e4rnau 2 &#8211; 94060 Pocking<br>Tel.: +49 (0) 8538 &#8211; 658 oder +49 (0) 8538 &#8211; 9124326<br>e-Mail: putz-alois@t-online.de &#8211; Web: www.ferienhof-fenzl.de\n\n<\/p>\n<\/div><\/div>\n","protected":false},"excerpt":{"rendered":"<p>Unterhaltung und Gem\u00fctlichkeit in der Hoftaverne! Die \u00dcberdachte Hoftaverne ist zweifelsohne das Herzst\u00fcck unseres Ferienhofes.Hier treffen sich Jung und Alt zum gem\u00fctlichen Beieinandersitzen nach einemerlebnisreichen Urlaubstag. Die passenden Getr\u00e4nke dazu &#8230;<\/p>\n","protected":false},"author":1,"featured_media":0,"parent":0,"menu_order":0,"comment_status":"closed","ping_status":"closed","template":"","meta":{"footnotes":""},"_links":{"self":[{"href":"https:\/\/www.ferienhof-fenzl.de\/index.php\/wp-json\/wp\/v2\/pages\/67"}],"collection":[{"href":"https:\/\/www.ferienhof-fenzl.de\/index.php\/wp-json\/wp\/v2\/pages"}],"about":[{"href":"https:\/\/www.ferienhof-fenzl.de\/index.php\/wp-json\/wp\/v2\/types\/page"}],"author":[{"embeddable":true,"href":"https:\/\/www.ferienhof-fenzl.de\/index.php\/wp-json\/wp\/v2\/users\/1"}],"replies":[{"embeddable":true,"href":"https:\/\/www.ferienhof-fenzl.de\/index.php\/wp-json\/wp\/v2\/comments?post=67"}],"version-history":[{"count":19,"href":"https:\/\/www.ferienhof-fenzl.de\/index.php\/wp-json\/wp\/v2\/pages\/67\/revisions"}],"predecessor-version":[{"id":2632,"href":"https:\/\/www.ferienhof-fenzl.de\/index.php\/wp-json\/wp\/v2\/pages\/67\/revisions\/2632"}],"wp:attachment":[{"href":"https:\/\/www.ferienhof-fenzl.de\/index.php\/wp-json\/wp\/v2\/media?parent=67"}],"curies":[{"name":"wp","href":"https:\/\/api.w.org\/{rel}","templated":true}]}}