{"id":54,"date":"2018-12-17T15:56:10","date_gmt":"2018-12-17T14:56:10","guid":{"rendered":"http:\/\/www.ferienhof-fenzl.de\/?page_id=54"},"modified":"2026-02-06T11:47:38","modified_gmt":"2026-02-06T10:47:38","slug":"2-zimmerappartement","status":"publish","type":"page","link":"https:\/\/www.ferienhof-fenzl.de\/index.php\/2-zimmerappartement\/","title":{"rendered":"2 Zimmerappartement im Erdgescho\u00df, 1. Stock und 2. Stock"},"content":{"rendered":"\n<div class=\"wp-block-columns is-layout-flex wp-container-core-columns-layout-1 wp-block-columns-is-layout-flex\">\n<div class=\"wp-block-column is-vertically-aligned-top is-layout-flow wp-block-column-is-layout-flow\" style=\"flex-basis:100%\">\n<div class=\"wp-block-group alignwide is-layout-flow wp-block-group-is-layout-flow\"><div class=\"wp-block-group__inner-container\">\n<p><img loading=\"lazy\" decoding=\"async\" class=\"alignright wp-image-2619\" src=\"http:\/\/www.ferienhof-fenzl.de\/wp-content\/uploads\/2026\/02\/2026-1-300x76.png\" alt=\"\" width=\"250\" height=\"63\" srcset=\"https:\/\/www.ferienhof-fenzl.de\/wp-content\/uploads\/2026\/02\/2026-1-300x76.png 300w, https:\/\/www.ferienhof-fenzl.de\/wp-content\/uploads\/2026\/02\/2026-1-1024x259.png 1024w, https:\/\/www.ferienhof-fenzl.de\/wp-content\/uploads\/2026\/02\/2026-1-768x195.png 768w, https:\/\/www.ferienhof-fenzl.de\/wp-content\/uploads\/2026\/02\/2026-1.png 1216w\" sizes=\"(max-width: 250px) 100vw, 250px\" \/><\/p>\n\n\n\n<p><\/p>\n\n\n\n<div class=\"PostMetadataHeader\">\u00a0<\/div>\n<div class=\"PostContent\">\n<h2>44 qm zum Erholen und Entspannen<\/h2>\n<p><span style=\"color: #000000;\">Ob Sommer oder Winter &#8211; wir haben das ganze Jahr Saison.<\/span><\/p>\n<p><span style=\"color: #000000;\">Sie werden sich gleich wohlf\u00fchlen.<\/span><\/p>\n<p><span style=\"color: #000000;\">Unsere Ferienwohnungen sind liebevoll im l\u00e4ndlichen Stil eingerichtet.<\/span><br \/><span style=\"color: #000000;\">Die Zimmer sind ger\u00e4umig, hell und gro\u00dfz\u00fcgig mit Balkon oder Terasse nach S\u00fcdwesten ausgestattet.<\/span><\/p>\n<p><span style=\"color: #000000;\">Die Appartements bieten Platz f\u00fcr 2-4 Personen.<\/span><\/p>\n<p><span style=\"color: #000000;\">Unsere Appartements im Erdgeschoss sind barrierefrei und auch f\u00fcr Rollstuhlfahrer geeignet.<\/span><\/p>\n<\/div>\n<div align=\"left\"><span style=\"color: #000000;\"><div id=\"metaslider-id-154\" style=\"max-width: 400px;\" class=\"ml-slider-3-50-0 metaslider metaslider-flex metaslider-154 ml-slider ms-theme-default\" role=\"region\" aria-roledescription=\"Slideshow\" aria-label=\"2 zimmer\">\n    <div id=\"metaslider_container_154\">\n        <div id=\"metaslider_154\">\n            <ul aria-live=\"polite\" class=\"slides\">\n                <li style=\"display: block; width: 100%;\" class=\"slide-2611 ms-image\" aria-roledescription=\"slide\" aria-label=\"slide-2611\"><img loading=\"lazy\" decoding=\"async\" width=\"2560\" height=\"1440\" src=\"https:\/\/www.ferienhof-fenzl.de\/wp-content\/uploads\/2025\/08\/IMG_20250509_151136-scaled.jpg\" class=\"slider-154 slide-2611\" alt=\"\" rel=\"\" title=\"IMG_20250509_151136\" srcset=\"https:\/\/www.ferienhof-fenzl.de\/wp-content\/uploads\/2025\/08\/IMG_20250509_151136-scaled.jpg 2560w, https:\/\/www.ferienhof-fenzl.de\/wp-content\/uploads\/2025\/08\/IMG_20250509_151136-300x169.jpg 300w, https:\/\/www.ferienhof-fenzl.de\/wp-content\/uploads\/2025\/08\/IMG_20250509_151136-1024x576.jpg 1024w, https:\/\/www.ferienhof-fenzl.de\/wp-content\/uploads\/2025\/08\/IMG_20250509_151136-768x432.jpg 768w, https:\/\/www.ferienhof-fenzl.de\/wp-content\/uploads\/2025\/08\/IMG_20250509_151136-1536x864.jpg 1536w, https:\/\/www.ferienhof-fenzl.de\/wp-content\/uploads\/2025\/08\/IMG_20250509_151136-2048x1152.jpg 2048w\" sizes=\"(max-width: 2560px) 100vw, 2560px\" \/><div class=\"caption-wrap\"><div class=\"caption\">Zimmerbeispiel Erdgeschoss<\/div><\/div><\/li>\n                <li style=\"display: none; width: 100%;\" class=\"slide-2502 ms-image\" aria-roledescription=\"slide\" aria-label=\"slide-2502\"><img loading=\"lazy\" decoding=\"async\" width=\"2560\" height=\"1561\" src=\"https:\/\/www.ferienhof-fenzl.de\/wp-content\/uploads\/2023\/03\/IMG_20220219_122946-scaled.jpg\" class=\"slider-154 slide-2502\" alt=\"\" rel=\"\" title=\"IMG_20220219_122946\" srcset=\"https:\/\/www.ferienhof-fenzl.de\/wp-content\/uploads\/2023\/03\/IMG_20220219_122946-scaled.jpg 2560w, https:\/\/www.ferienhof-fenzl.de\/wp-content\/uploads\/2023\/03\/IMG_20220219_122946-300x183.jpg 300w, https:\/\/www.ferienhof-fenzl.de\/wp-content\/uploads\/2023\/03\/IMG_20220219_122946-1024x624.jpg 1024w, https:\/\/www.ferienhof-fenzl.de\/wp-content\/uploads\/2023\/03\/IMG_20220219_122946-768x468.jpg 768w, https:\/\/www.ferienhof-fenzl.de\/wp-content\/uploads\/2023\/03\/IMG_20220219_122946-1536x936.jpg 1536w, https:\/\/www.ferienhof-fenzl.de\/wp-content\/uploads\/2023\/03\/IMG_20220219_122946-2048x1248.jpg 2048w\" sizes=\"(max-width: 2560px) 100vw, 2560px\" \/><div class=\"caption-wrap\"><div class=\"caption\">Zimmerbeispiel Erdgeschoss<\/div><\/div><\/li>\n                <li style=\"display: none; width: 100%;\" class=\"slide-1959 ms-image\" aria-roledescription=\"slide\" aria-label=\"slide-1959\"><img loading=\"lazy\" decoding=\"async\" width=\"2560\" height=\"1440\" src=\"https:\/\/www.ferienhof-fenzl.de\/wp-content\/uploads\/2023\/03\/IMG_20220619_100327-scaled.jpg\" class=\"slider-154 slide-1959\" alt=\"\" rel=\"\" title=\"IMG_20220619_100327\" srcset=\"https:\/\/www.ferienhof-fenzl.de\/wp-content\/uploads\/2023\/03\/IMG_20220619_100327-scaled.jpg 2560w, https:\/\/www.ferienhof-fenzl.de\/wp-content\/uploads\/2023\/03\/IMG_20220619_100327-300x169.jpg 300w, https:\/\/www.ferienhof-fenzl.de\/wp-content\/uploads\/2023\/03\/IMG_20220619_100327-1024x576.jpg 1024w, https:\/\/www.ferienhof-fenzl.de\/wp-content\/uploads\/2023\/03\/IMG_20220619_100327-768x432.jpg 768w, https:\/\/www.ferienhof-fenzl.de\/wp-content\/uploads\/2023\/03\/IMG_20220619_100327-1536x864.jpg 1536w, https:\/\/www.ferienhof-fenzl.de\/wp-content\/uploads\/2023\/03\/IMG_20220619_100327-2048x1152.jpg 2048w\" sizes=\"(max-width: 2560px) 100vw, 2560px\" \/><div class=\"caption-wrap\"><div class=\"caption\">Zimmerbeispiel Erdgeschoss<\/div><\/div><\/li>\n                <li style=\"display: none; width: 100%;\" class=\"slide-1961 ms-image\" aria-roledescription=\"slide\" aria-label=\"slide-1961\"><img loading=\"lazy\" decoding=\"async\" width=\"1440\" height=\"2560\" src=\"https:\/\/www.ferienhof-fenzl.de\/wp-content\/uploads\/2025\/04\/IMG_20250418_083516-1-scaled.jpg\" class=\"slider-154 slide-1961\" alt=\"\" rel=\"\" title=\"IMG_20250418_083516 (1)\" srcset=\"https:\/\/www.ferienhof-fenzl.de\/wp-content\/uploads\/2025\/04\/IMG_20250418_083516-1-scaled.jpg 1440w, https:\/\/www.ferienhof-fenzl.de\/wp-content\/uploads\/2025\/04\/IMG_20250418_083516-1-169x300.jpg 169w, https:\/\/www.ferienhof-fenzl.de\/wp-content\/uploads\/2025\/04\/IMG_20250418_083516-1-576x1024.jpg 576w, https:\/\/www.ferienhof-fenzl.de\/wp-content\/uploads\/2025\/04\/IMG_20250418_083516-1-768x1365.jpg 768w, https:\/\/www.ferienhof-fenzl.de\/wp-content\/uploads\/2025\/04\/IMG_20250418_083516-1-864x1536.jpg 864w, https:\/\/www.ferienhof-fenzl.de\/wp-content\/uploads\/2025\/04\/IMG_20250418_083516-1-1152x2048.jpg 1152w\" sizes=\"(max-width: 1440px) 100vw, 1440px\" \/><div class=\"caption-wrap\"><div class=\"caption\">Zimmerbeispiel Erdgeschoss<\/div><\/div><\/li>\n                <li style=\"display: none; width: 100%;\" class=\"slide-1963 ms-image\" aria-roledescription=\"slide\" aria-label=\"slide-1963\"><img loading=\"lazy\" decoding=\"async\" width=\"2560\" height=\"1440\" src=\"https:\/\/www.ferienhof-fenzl.de\/wp-content\/uploads\/2023\/03\/IMG_20221105_091621-scaled.jpg\" class=\"slider-154 slide-1963\" alt=\"\" rel=\"\" title=\"IMG_20221105_091621\" srcset=\"https:\/\/www.ferienhof-fenzl.de\/wp-content\/uploads\/2023\/03\/IMG_20221105_091621-scaled.jpg 2560w, https:\/\/www.ferienhof-fenzl.de\/wp-content\/uploads\/2023\/03\/IMG_20221105_091621-300x169.jpg 300w, https:\/\/www.ferienhof-fenzl.de\/wp-content\/uploads\/2023\/03\/IMG_20221105_091621-1024x576.jpg 1024w, https:\/\/www.ferienhof-fenzl.de\/wp-content\/uploads\/2023\/03\/IMG_20221105_091621-768x432.jpg 768w, https:\/\/www.ferienhof-fenzl.de\/wp-content\/uploads\/2023\/03\/IMG_20221105_091621-1536x864.jpg 1536w, https:\/\/www.ferienhof-fenzl.de\/wp-content\/uploads\/2023\/03\/IMG_20221105_091621-2048x1152.jpg 2048w\" sizes=\"(max-width: 2560px) 100vw, 2560px\" \/><div class=\"caption-wrap\"><div class=\"caption\">Zimmerbeispiel Obergeschoss<\/div><\/div><\/li>\n                <li style=\"display: none; width: 100%;\" class=\"slide-1965 ms-image\" aria-roledescription=\"slide\" aria-label=\"slide-1965\"><img loading=\"lazy\" decoding=\"async\" width=\"2560\" height=\"1440\" src=\"https:\/\/www.ferienhof-fenzl.de\/wp-content\/uploads\/2023\/03\/IMG_20221105_091639-scaled.jpg\" class=\"slider-154 slide-1965\" alt=\"\" rel=\"\" title=\"IMG_20221105_091639\" srcset=\"https:\/\/www.ferienhof-fenzl.de\/wp-content\/uploads\/2023\/03\/IMG_20221105_091639-scaled.jpg 2560w, https:\/\/www.ferienhof-fenzl.de\/wp-content\/uploads\/2023\/03\/IMG_20221105_091639-300x169.jpg 300w, https:\/\/www.ferienhof-fenzl.de\/wp-content\/uploads\/2023\/03\/IMG_20221105_091639-1024x576.jpg 1024w, https:\/\/www.ferienhof-fenzl.de\/wp-content\/uploads\/2023\/03\/IMG_20221105_091639-768x432.jpg 768w, https:\/\/www.ferienhof-fenzl.de\/wp-content\/uploads\/2023\/03\/IMG_20221105_091639-1536x864.jpg 1536w, https:\/\/www.ferienhof-fenzl.de\/wp-content\/uploads\/2023\/03\/IMG_20221105_091639-2048x1152.jpg 2048w\" sizes=\"(max-width: 2560px) 100vw, 2560px\" \/><div class=\"caption-wrap\"><div class=\"caption\">Zimmerbeispiel Obergeschoss<\/div><\/div><\/li>\n                <li style=\"display: none; width: 100%;\" class=\"slide-1967 ms-image\" aria-roledescription=\"slide\" aria-label=\"slide-1967\"><img loading=\"lazy\" decoding=\"async\" width=\"2560\" height=\"1440\" src=\"https:\/\/www.ferienhof-fenzl.de\/wp-content\/uploads\/2023\/03\/IMG_20220711_134239-scaled.jpg\" class=\"slider-154 slide-1967\" alt=\"\" rel=\"\" title=\"IMG_20220711_134239\" srcset=\"https:\/\/www.ferienhof-fenzl.de\/wp-content\/uploads\/2023\/03\/IMG_20220711_134239-scaled.jpg 2560w, https:\/\/www.ferienhof-fenzl.de\/wp-content\/uploads\/2023\/03\/IMG_20220711_134239-300x169.jpg 300w, https:\/\/www.ferienhof-fenzl.de\/wp-content\/uploads\/2023\/03\/IMG_20220711_134239-1024x576.jpg 1024w, https:\/\/www.ferienhof-fenzl.de\/wp-content\/uploads\/2023\/03\/IMG_20220711_134239-768x432.jpg 768w, https:\/\/www.ferienhof-fenzl.de\/wp-content\/uploads\/2023\/03\/IMG_20220711_134239-1536x864.jpg 1536w, https:\/\/www.ferienhof-fenzl.de\/wp-content\/uploads\/2023\/03\/IMG_20220711_134239-2048x1152.jpg 2048w\" sizes=\"(max-width: 2560px) 100vw, 2560px\" \/><div class=\"caption-wrap\"><div class=\"caption\">Zimmerbeispiel Obergeschoss<\/div><\/div><\/li>\n                <li style=\"display: none; width: 100%;\" class=\"slide-2024 ms-image\" aria-roledescription=\"slide\" aria-label=\"slide-2024\"><img loading=\"lazy\" decoding=\"async\" width=\"1440\" height=\"2560\" src=\"https:\/\/www.ferienhof-fenzl.de\/wp-content\/uploads\/2023\/03\/IMG_20221105_091455-scaled.jpg\" class=\"slider-154 slide-2024\" alt=\"\" rel=\"\" title=\"IMG_20221105_091455\" srcset=\"https:\/\/www.ferienhof-fenzl.de\/wp-content\/uploads\/2023\/03\/IMG_20221105_091455-scaled.jpg 1440w, https:\/\/www.ferienhof-fenzl.de\/wp-content\/uploads\/2023\/03\/IMG_20221105_091455-169x300.jpg 169w, https:\/\/www.ferienhof-fenzl.de\/wp-content\/uploads\/2023\/03\/IMG_20221105_091455-576x1024.jpg 576w, https:\/\/www.ferienhof-fenzl.de\/wp-content\/uploads\/2023\/03\/IMG_20221105_091455-768x1365.jpg 768w, https:\/\/www.ferienhof-fenzl.de\/wp-content\/uploads\/2023\/03\/IMG_20221105_091455-864x1536.jpg 864w, https:\/\/www.ferienhof-fenzl.de\/wp-content\/uploads\/2023\/03\/IMG_20221105_091455-1152x2048.jpg 1152w\" sizes=\"(max-width: 1440px) 100vw, 1440px\" \/><div class=\"caption-wrap\"><div class=\"caption\">Zimmerbeispiel Obergeschoss<\/div><\/div><\/li>\n                <li style=\"display: none; width: 100%;\" class=\"slide-2028 ms-image\" aria-roledescription=\"slide\" aria-label=\"slide-2028\"><img loading=\"lazy\" decoding=\"async\" width=\"320\" height=\"302\" src=\"https:\/\/www.ferienhof-fenzl.de\/wp-content\/uploads\/2023\/03\/travelmyth_1174614_NRDN_r__accessible_p0_y2023_8c54_de_web.png\" class=\"slider-154 slide-2028\" alt=\"\" rel=\"\" title=\"travelmyth_1174614_NRDN_r__accessible_p0_y2023_8c54_de_web\" srcset=\"https:\/\/www.ferienhof-fenzl.de\/wp-content\/uploads\/2023\/03\/travelmyth_1174614_NRDN_r__accessible_p0_y2023_8c54_de_web.png 320w, https:\/\/www.ferienhof-fenzl.de\/wp-content\/uploads\/2023\/03\/travelmyth_1174614_NRDN_r__accessible_p0_y2023_8c54_de_web-300x283.png 300w\" sizes=\"(max-width: 320px) 100vw, 320px\" \/><\/li>\n            <\/ul>\n        <\/div>\n        \n    <\/div>\n<\/div><\/span><\/div>\n<p><span style=\"color: #000000;\">Eine voll ausgestattete K\u00fcche enth\u00e4lt alles was Sie zur Selbstversorgung brauchen. Kochfeld, Kaffeemaschine, Wasserkocher, Toaster, Mikrowelle, K\u00fchlschrank mit Gefrierfach.<\/span><\/p>\n<p><span style=\"color: #000000;\">Das Bad ist mit Dusche, WC, F\u00f6hn und Kosmetikspiegel ausgestattet.<\/span><\/p>\n<p><span style=\"color: #000000;\">Bettw\u00e4sche, Handt\u00fccher und Geschirrt\u00fccher werden gestellt.<\/span><\/p>\n<p><span style=\"color: #000000;\">Zwischenreinigung, wenn erw\u00fcnscht nach Absprache.<\/span><\/p>\n<p><span style=\"color: #000000;\">Parkpl\u00e4tze direkt vor dem Haus, Fahrradunterstellpl\u00e4tze, Waschmaschine im Haus, Flachbildschirm mit Sat-Anschluss, DAB Radio, Getr\u00e4nke- und Br\u00f6tchenservice, Internetzugang kostenlos mit W-Lan.<\/span><\/p>\n<p><span style=\"color: #000000;\">Profitieren Sie von der herrlichen ruhigen Lage und von den kurzen Wegen zu den Thermen und Ausflugsziel.<\/span><\/p>\n<p><span style=\"color: #000000;\">Alle unsere Appartements sind\u00a0<strong>NICHTRAUCHER<\/strong>\u00a0Appartements.<\/span><\/p>\n<p><span style=\"color: #000000;\">Bei uns bezahlen Sie keine K U R T A X E .<\/span><\/p>\n<p style=\"text-align: center;\">\u00a0<\/p>\n\n\n\n<p><\/p>\n<\/div><\/div>\n<\/div>\n<\/div>\n\n\n\n<div class=\"wp-block-group alignfull is-layout-flow wp-block-group-is-layout-flow\"><div class=\"wp-block-group__inner-container\">\n<p class=\"has-text-align-center has-black-color has-text-color has-background\" style=\"background-color:#63a850\">\nJosef Putz &#8211; B\u00e4rnau 2 &#8211; 94060 Pocking<br>Tel.: +49 (0) 8538 &#8211; 658 oder +49 (0) 8538 &#8211; 9124326<br>e-Mail: putz-alois@t-online.de &#8211; Web: www.ferienhof-fenzl.de\n\n<\/p>\n<\/div><\/div>\n\n\n\n<p><\/p>\n","protected":false},"excerpt":{"rendered":"<p>\u00a0 44 qm zum Erholen und Entspannen Ob Sommer oder Winter &#8211; wir haben das ganze Jahr Saison. Sie werden sich gleich wohlf\u00fchlen. Unsere Ferienwohnungen sind liebevoll im l\u00e4ndlichen Stil &#8230;<\/p>\n","protected":false},"author":1,"featured_media":0,"parent":0,"menu_order":0,"comment_status":"closed","ping_status":"closed","template":"","meta":{"footnotes":""},"_links":{"self":[{"href":"https:\/\/www.ferienhof-fenzl.de\/index.php\/wp-json\/wp\/v2\/pages\/54"}],"collection":[{"href":"https:\/\/www.ferienhof-fenzl.de\/index.php\/wp-json\/wp\/v2\/pages"}],"about":[{"href":"https:\/\/www.ferienhof-fenzl.de\/index.php\/wp-json\/wp\/v2\/types\/page"}],"author":[{"embeddable":true,"href":"https:\/\/www.ferienhof-fenzl.de\/index.php\/wp-json\/wp\/v2\/users\/1"}],"replies":[{"embeddable":true,"href":"https:\/\/www.ferienhof-fenzl.de\/index.php\/wp-json\/wp\/v2\/comments?post=54"}],"version-history":[{"count":52,"href":"https:\/\/www.ferienhof-fenzl.de\/index.php\/wp-json\/wp\/v2\/pages\/54\/revisions"}],"predecessor-version":[{"id":2621,"href":"https:\/\/www.ferienhof-fenzl.de\/index.php\/wp-json\/wp\/v2\/pages\/54\/revisions\/2621"}],"wp:attachment":[{"href":"https:\/\/www.ferienhof-fenzl.de\/index.php\/wp-json\/wp\/v2\/media?parent=54"}],"curies":[{"name":"wp","href":"https:\/\/api.w.org\/{rel}","templated":true}]}}