{"id":102,"date":"2018-12-17T16:54:31","date_gmt":"2018-12-17T15:54:31","guid":{"rendered":"http:\/\/www.ferienhof-fenzl.de\/?page_id=102"},"modified":"2021-04-14T14:43:18","modified_gmt":"2021-04-14T12:43:18","slug":"salzburg","status":"publish","type":"page","link":"https:\/\/www.ferienhof-fenzl.de\/index.php\/salzburg\/","title":{"rendered":"Salzburg"},"content":{"rendered":"<h2>Die Mozartstadt Salzburg<\/h2>\n<p><span style=\"color: #000000;\">Salzburg ist die Landeshauptstadt des gleichnamigen Bundeslandes und mit 149.355 Hauptwohnsitz-Einwohnern nach Wien, Graz und Linz die viertgr\u00f6\u00dfte Stadt \u00d6sterreichs. Die Statutarstadt Salzburg ist fast zur G\u00e4nze vom Bezirk Salzburg umgeben.<\/span><\/p>\n<p><span style=\"color: #000000;\">Die \u201eMozartstadt Salzburg\u201c, beiderseits der Salzach im Salzburger Becken gelegen, wurde als Bischofstadt auf r\u00f6mischen Ruinen (Iuvavum) wiederbegr\u00fcndet. Sie gelangte durch Abbau und Handel von Salz zu Reichtum und wurde von Wolf Dietrich sowie dessen Nachfolgern als Residenzstadt prunkvoll ausgestattet. Mit der als UNESCO-Weltkulturerbe gesch\u00fctzten Altstadt und dem Raum um Schloss Hellbrunn besitzt Salzburg so eine besonders lange kulturelle Tradition. Heute ist die Stadt mit ihren Handels- und Dienstleistungsbetrieben Einkaufsstadt sowie Messe- und Kongressstadt, vor allem aber ist sie eine wichtige Tourismusstadt. Durch die Altstadt, die Salzburger Festspiele sowie Wolfgang Amadeus Mozart erreicht Salzburg internationale Bekanntheit.<\/span><\/p>\n\n\n<div class=\"wp-block-columns alignfull is-layout-flex wp-container-core-columns-layout-1 wp-block-columns-is-layout-flex\">\n<div class=\"wp-block-column is-layout-flow wp-block-column-is-layout-flow\" style=\"flex-basis:100%\">\n<p class=\"has-text-align-center has-black-color has-text-color has-background\" style=\"background-color:#63a850\">Josef Putz &#8211; B\u00e4rnau 2 &#8211; 94060 Pocking<br>Tel.: +49 (0) 8538 &#8211; 658 oder +49 (0) 8538 &#8211; 9124326<br>e-Mail: putz-alois@t-online.de &#8211; Web: www.ferienhof-fenzl.de<\/p>\n<\/div>\n<\/div>\n","protected":false},"excerpt":{"rendered":"<p>Die Mozartstadt Salzburg Salzburg ist die Landeshauptstadt des gleichnamigen Bundeslandes und mit 149.355 Hauptwohnsitz-Einwohnern nach Wien, Graz und Linz die viertgr\u00f6\u00dfte Stadt \u00d6sterreichs. Die Statutarstadt Salzburg ist fast zur G\u00e4nze &#8230;<\/p>\n","protected":false},"author":1,"featured_media":0,"parent":0,"menu_order":0,"comment_status":"closed","ping_status":"closed","template":"","meta":{"footnotes":""},"_links":{"self":[{"href":"https:\/\/www.ferienhof-fenzl.de\/index.php\/wp-json\/wp\/v2\/pages\/102"}],"collection":[{"href":"https:\/\/www.ferienhof-fenzl.de\/index.php\/wp-json\/wp\/v2\/pages"}],"about":[{"href":"https:\/\/www.ferienhof-fenzl.de\/index.php\/wp-json\/wp\/v2\/types\/page"}],"author":[{"embeddable":true,"href":"https:\/\/www.ferienhof-fenzl.de\/index.php\/wp-json\/wp\/v2\/users\/1"}],"replies":[{"embeddable":true,"href":"https:\/\/www.ferienhof-fenzl.de\/index.php\/wp-json\/wp\/v2\/comments?post=102"}],"version-history":[{"count":3,"href":"https:\/\/www.ferienhof-fenzl.de\/index.php\/wp-json\/wp\/v2\/pages\/102\/revisions"}],"predecessor-version":[{"id":2232,"href":"https:\/\/www.ferienhof-fenzl.de\/index.php\/wp-json\/wp\/v2\/pages\/102\/revisions\/2232"}],"wp:attachment":[{"href":"https:\/\/www.ferienhof-fenzl.de\/index.php\/wp-json\/wp\/v2\/media?parent=102"}],"curies":[{"name":"wp","href":"https:\/\/api.w.org\/{rel}","templated":true}]}}