{"id":100,"date":"2018-12-17T16:54:14","date_gmt":"2018-12-17T15:54:14","guid":{"rendered":"http:\/\/www.ferienhof-fenzl.de\/?page_id=100"},"modified":"2021-04-14T14:42:38","modified_gmt":"2021-04-14T12:42:38","slug":"reichersberg","status":"publish","type":"page","link":"https:\/\/www.ferienhof-fenzl.de\/index.php\/reichersberg\/","title":{"rendered":"Reichersberg"},"content":{"rendered":"<h2>Das Stift Reichersberg<\/h2>\n<p><span style=\"color: #000000;\">Reichersberg ist ein ruhig gelegener Ort am Inn und ist mit dem Chorherrenstift Reichersberg ein gern besuchtes Ausflugsziel.<\/span><\/p>\n<p><span style=\"color: #000000;\"><img loading=\"lazy\" decoding=\"async\" title=\"Reichersberg\" src=\"https:\/\/web.archive.org\/web\/20180828073355im_\/http:\/\/ferienhof-fenzl.de\/images\/reichersberg_01.jpg\" alt=\"Reichersberg\" width=\"250\" height=\"180\" border=\"0\" \/>\u00a0<img loading=\"lazy\" decoding=\"async\" title=\"Reichersberg\" src=\"https:\/\/web.archive.org\/web\/20180828073355im_\/http:\/\/ferienhof-fenzl.de\/images\/reichersberg_02.jpg\" alt=\"Reichersberg\" width=\"250\" height=\"180\" border=\"0\" \/><\/span><\/p>\n<p><span style=\"color: #000000;\">Das weitum bekannte und gern besuchte Augustiner Chorherrenstift wartet mit einem einzigartigem Angebot an kulturellen Sch\u00e4tzen auf. \u00dcberdies ist im Stift ein Bildungszentrum eingerichtet, dass ein reichhaltiges Angebot an handwerklichen Kursen und Seminaren bietet.<\/span><\/p>\n<p><span style=\"color: #000000;\">F\u00fcr sportliche G\u00e4ste stehen Tennispl\u00e4tze, Sportplatz und Asphaltbahnen zur Verf\u00fcgung.\u00a0<\/span><\/p>\n<p><span style=\"color: #000000;\">Im Gemeindegebiet gibt es auch viele M\u00f6glichkeiten, auf den verschiedenen Rad- u. Wanderwegen die einzelnen Ortschaften zu erkunden.<\/span><\/p>\n\n\n<div class=\"wp-block-columns alignfull is-layout-flex wp-container-core-columns-layout-1 wp-block-columns-is-layout-flex\">\n<div class=\"wp-block-column is-layout-flow wp-block-column-is-layout-flow\" style=\"flex-basis:100%\">\n<p class=\"has-text-align-center has-black-color has-text-color has-background\" style=\"background-color:#63a850\">Josef Putz &#8211; B\u00e4rnau 2 &#8211; 94060 Pocking<br>Tel.: +49 (0) 8538 &#8211; 658 oder +49 (0) 8538 &#8211; 9124326<br>e-Mail: putz-alois@t-online.de &#8211; Web: www.ferienhof-fenzl.de<\/p>\n<\/div>\n<\/div>\n","protected":false},"excerpt":{"rendered":"<p>Das Stift Reichersberg Reichersberg ist ein ruhig gelegener Ort am Inn und ist mit dem Chorherrenstift Reichersberg ein gern besuchtes Ausflugsziel. \u00a0 Das weitum bekannte und gern besuchte Augustiner Chorherrenstift &#8230;<\/p>\n","protected":false},"author":1,"featured_media":0,"parent":0,"menu_order":0,"comment_status":"closed","ping_status":"closed","template":"","meta":{"footnotes":""},"_links":{"self":[{"href":"https:\/\/www.ferienhof-fenzl.de\/index.php\/wp-json\/wp\/v2\/pages\/100"}],"collection":[{"href":"https:\/\/www.ferienhof-fenzl.de\/index.php\/wp-json\/wp\/v2\/pages"}],"about":[{"href":"https:\/\/www.ferienhof-fenzl.de\/index.php\/wp-json\/wp\/v2\/types\/page"}],"author":[{"embeddable":true,"href":"https:\/\/www.ferienhof-fenzl.de\/index.php\/wp-json\/wp\/v2\/users\/1"}],"replies":[{"embeddable":true,"href":"https:\/\/www.ferienhof-fenzl.de\/index.php\/wp-json\/wp\/v2\/comments?post=100"}],"version-history":[{"count":3,"href":"https:\/\/www.ferienhof-fenzl.de\/index.php\/wp-json\/wp\/v2\/pages\/100\/revisions"}],"predecessor-version":[{"id":2231,"href":"https:\/\/www.ferienhof-fenzl.de\/index.php\/wp-json\/wp\/v2\/pages\/100\/revisions\/2231"}],"wp:attachment":[{"href":"https:\/\/www.ferienhof-fenzl.de\/index.php\/wp-json\/wp\/v2\/media?parent=100"}],"curies":[{"name":"wp","href":"https:\/\/api.w.org\/{rel}","templated":true}]}}