{"id":1477,"date":"2019-03-20T14:25:33","date_gmt":"2019-03-20T13:25:33","guid":{"rendered":"http:\/\/www.ferienhof-fenzl.de\/?page_id=1477"},"modified":"2026-02-06T11:48:10","modified_gmt":"2026-02-06T10:48:10","slug":"hofappartement-im-erdgeschoss","status":"publish","type":"page","link":"http:\/\/www.ferienhof-fenzl.de\/index.php\/hofappartement-im-erdgeschoss\/","title":{"rendered":"Hofappartement im Erdgeschoss"},"content":{"rendered":"<p><img loading=\"lazy\" decoding=\"async\" class=\"alignright wp-image-2619\" src=\"http:\/\/www.ferienhof-fenzl.de\/wp-content\/uploads\/2026\/02\/2026-1-300x76.png\" alt=\"\" width=\"250\" height=\"63\" srcset=\"http:\/\/www.ferienhof-fenzl.de\/wp-content\/uploads\/2026\/02\/2026-1-300x76.png 300w, http:\/\/www.ferienhof-fenzl.de\/wp-content\/uploads\/2026\/02\/2026-1-1024x259.png 1024w, http:\/\/www.ferienhof-fenzl.de\/wp-content\/uploads\/2026\/02\/2026-1-768x195.png 768w, http:\/\/www.ferienhof-fenzl.de\/wp-content\/uploads\/2026\/02\/2026-1.png 1216w\" sizes=\"(max-width: 250px) 100vw, 250px\" \/><\/p>\n<h2>48 qm zum Erholen und Entspannen<\/h2>\n<p><span style=\"color: #000000;\">Ob Sommer oder Winter \u2013 wir haben das ganze Jahr Saison.<\/span><\/p>\n<p><span style=\"color: #000000;\">Sie werden sich gleich wohlf\u00fchlen.<\/span><\/p>\n<p><span style=\"color: #000000;\">Unser Hofappartement ist barrierefrei, modern und ger\u00e4umig eingerichtet mit Terasse nach Nordosten.<\/span><\/p>\n<p><span style=\"color: #000000;\">Es bietet Platz f\u00fcr 2-4 Personen.<\/span><\/p>\n<div align=\"left\"><span style=\"color: #000000;\"><div id=\"metaslider-id-1688\" style=\"max-width: 400px;\" class=\"ml-slider-3-50-0 metaslider metaslider-flex metaslider-1688 ml-slider ms-theme-default\" role=\"region\" aria-roledescription=\"Slideshow\" aria-label=\"hofappartement\">\n    <div id=\"metaslider_container_1688\">\n        <div id=\"metaslider_1688\">\n            <ul aria-live=\"polite\" class=\"slides\">\n                <li style=\"display: block; width: 100%;\" class=\"slide-1691 ms-image\" aria-roledescription=\"slide\" aria-label=\"slide-1691\"><img loading=\"lazy\" decoding=\"async\" width=\"3840\" height=\"2160\" src=\"http:\/\/www.ferienhof-fenzl.de\/wp-content\/uploads\/2020\/09\/DSC_1271-1.jpg\" class=\"slider-1688 slide-1691\" alt=\"\" rel=\"\" title=\"DSC_1271 (1)\" srcset=\"http:\/\/www.ferienhof-fenzl.de\/wp-content\/uploads\/2020\/09\/DSC_1271-1.jpg 3840w, http:\/\/www.ferienhof-fenzl.de\/wp-content\/uploads\/2020\/09\/DSC_1271-1-300x169.jpg 300w, http:\/\/www.ferienhof-fenzl.de\/wp-content\/uploads\/2020\/09\/DSC_1271-1-768x432.jpg 768w, http:\/\/www.ferienhof-fenzl.de\/wp-content\/uploads\/2020\/09\/DSC_1271-1-1024x576.jpg 1024w\" sizes=\"(max-width: 3840px) 100vw, 3840px\" \/><\/li>\n                <li style=\"display: none; width: 100%;\" class=\"slide-2613 ms-image\" aria-roledescription=\"slide\" aria-label=\"slide-2613\"><img loading=\"lazy\" decoding=\"async\" width=\"2560\" height=\"1440\" src=\"http:\/\/www.ferienhof-fenzl.de\/wp-content\/uploads\/2025\/08\/IMG_20250521_081820-scaled.jpg\" class=\"slider-1688 slide-2613\" alt=\"\" rel=\"\" title=\"IMG_20250521_081820\" srcset=\"http:\/\/www.ferienhof-fenzl.de\/wp-content\/uploads\/2025\/08\/IMG_20250521_081820-scaled.jpg 2560w, http:\/\/www.ferienhof-fenzl.de\/wp-content\/uploads\/2025\/08\/IMG_20250521_081820-300x169.jpg 300w, http:\/\/www.ferienhof-fenzl.de\/wp-content\/uploads\/2025\/08\/IMG_20250521_081820-1024x576.jpg 1024w, http:\/\/www.ferienhof-fenzl.de\/wp-content\/uploads\/2025\/08\/IMG_20250521_081820-768x432.jpg 768w, http:\/\/www.ferienhof-fenzl.de\/wp-content\/uploads\/2025\/08\/IMG_20250521_081820-1536x864.jpg 1536w, http:\/\/www.ferienhof-fenzl.de\/wp-content\/uploads\/2025\/08\/IMG_20250521_081820-2048x1152.jpg 2048w\" sizes=\"(max-width: 2560px) 100vw, 2560px\" \/><\/li>\n                <li style=\"display: none; width: 100%;\" class=\"slide-1690 ms-image\" aria-roledescription=\"slide\" aria-label=\"slide-1690\"><img loading=\"lazy\" decoding=\"async\" width=\"3840\" height=\"2160\" src=\"http:\/\/www.ferienhof-fenzl.de\/wp-content\/uploads\/2020\/09\/DSC_1270.jpg\" class=\"slider-1688 slide-1690\" alt=\"\" rel=\"\" title=\"DSC_1270\" srcset=\"http:\/\/www.ferienhof-fenzl.de\/wp-content\/uploads\/2020\/09\/DSC_1270.jpg 3840w, http:\/\/www.ferienhof-fenzl.de\/wp-content\/uploads\/2020\/09\/DSC_1270-300x169.jpg 300w, http:\/\/www.ferienhof-fenzl.de\/wp-content\/uploads\/2020\/09\/DSC_1270-768x432.jpg 768w, http:\/\/www.ferienhof-fenzl.de\/wp-content\/uploads\/2020\/09\/DSC_1270-1024x576.jpg 1024w\" sizes=\"(max-width: 3840px) 100vw, 3840px\" \/><\/li>\n                <li style=\"display: none; width: 100%;\" class=\"slide-1943 ms-image\" aria-roledescription=\"slide\" aria-label=\"slide-1943\"><img loading=\"lazy\" decoding=\"async\" width=\"3840\" height=\"2160\" src=\"http:\/\/www.ferienhof-fenzl.de\/wp-content\/uploads\/2020\/08\/DSC_1195.jpg\" class=\"slider-1688 slide-1943\" alt=\"\" rel=\"\" title=\"DSC_1195\" srcset=\"http:\/\/www.ferienhof-fenzl.de\/wp-content\/uploads\/2020\/08\/DSC_1195.jpg 3840w, http:\/\/www.ferienhof-fenzl.de\/wp-content\/uploads\/2020\/08\/DSC_1195-300x169.jpg 300w, http:\/\/www.ferienhof-fenzl.de\/wp-content\/uploads\/2020\/08\/DSC_1195-768x432.jpg 768w, http:\/\/www.ferienhof-fenzl.de\/wp-content\/uploads\/2020\/08\/DSC_1195-1024x576.jpg 1024w\" sizes=\"(max-width: 3840px) 100vw, 3840px\" \/><\/li>\n                <li style=\"display: none; width: 100%;\" class=\"slide-1944 ms-image\" aria-roledescription=\"slide\" aria-label=\"slide-1944\"><img loading=\"lazy\" decoding=\"async\" width=\"3840\" height=\"2160\" src=\"http:\/\/www.ferienhof-fenzl.de\/wp-content\/uploads\/2020\/08\/DSC_1196.jpg\" class=\"slider-1688 slide-1944\" alt=\"\" rel=\"\" title=\"DSC_1196\" srcset=\"http:\/\/www.ferienhof-fenzl.de\/wp-content\/uploads\/2020\/08\/DSC_1196.jpg 3840w, http:\/\/www.ferienhof-fenzl.de\/wp-content\/uploads\/2020\/08\/DSC_1196-300x169.jpg 300w, http:\/\/www.ferienhof-fenzl.de\/wp-content\/uploads\/2020\/08\/DSC_1196-768x432.jpg 768w, http:\/\/www.ferienhof-fenzl.de\/wp-content\/uploads\/2020\/08\/DSC_1196-1024x576.jpg 1024w\" sizes=\"(max-width: 3840px) 100vw, 3840px\" \/><\/li>\n                <li style=\"display: none; width: 100%;\" class=\"slide-1950 ms-image\" aria-roledescription=\"slide\" aria-label=\"slide-1950\"><img loading=\"lazy\" decoding=\"async\" width=\"2489\" height=\"2112\" src=\"http:\/\/www.ferienhof-fenzl.de\/wp-content\/uploads\/2020\/10\/DSC_1266-2.jpg\" class=\"slider-1688 slide-1950\" alt=\"\" rel=\"\" title=\"DSC_1266 (2)\" srcset=\"http:\/\/www.ferienhof-fenzl.de\/wp-content\/uploads\/2020\/10\/DSC_1266-2.jpg 2489w, http:\/\/www.ferienhof-fenzl.de\/wp-content\/uploads\/2020\/10\/DSC_1266-2-300x255.jpg 300w, http:\/\/www.ferienhof-fenzl.de\/wp-content\/uploads\/2020\/10\/DSC_1266-2-768x652.jpg 768w, http:\/\/www.ferienhof-fenzl.de\/wp-content\/uploads\/2020\/10\/DSC_1266-2-1024x869.jpg 1024w\" sizes=\"(max-width: 2489px) 100vw, 2489px\" \/><\/li>\n                <li style=\"display: none; width: 100%;\" class=\"slide-2511 ms-image\" aria-roledescription=\"slide\" aria-label=\"slide-2511\"><img loading=\"lazy\" decoding=\"async\" width=\"320\" height=\"302\" src=\"http:\/\/www.ferienhof-fenzl.de\/wp-content\/uploads\/2023\/03\/travelmyth_1174614_NRDN_r__accessible_p0_y2023_8c54_de_web.png\" class=\"slider-1688 slide-2511\" alt=\"\" rel=\"\" title=\"travelmyth_1174614_NRDN_r__accessible_p0_y2023_8c54_de_web\" srcset=\"http:\/\/www.ferienhof-fenzl.de\/wp-content\/uploads\/2023\/03\/travelmyth_1174614_NRDN_r__accessible_p0_y2023_8c54_de_web.png 320w, http:\/\/www.ferienhof-fenzl.de\/wp-content\/uploads\/2023\/03\/travelmyth_1174614_NRDN_r__accessible_p0_y2023_8c54_de_web-300x283.png 300w\" sizes=\"(max-width: 320px) 100vw, 320px\" \/><\/li>\n            <\/ul>\n        <\/div>\n        \n    <\/div>\n<\/div><\/span><\/div>\n<p><span style=\"color: #000000;\">Eine voll ausgestattete K\u00fcche die alles enth\u00e4lt was Sie zur Selbstversorgung brauchen. Kaffeemaschine, Wasserkocher, Toaster, Mikrowelle, Cerankochfeld mit Backofen und K\u00fchlschrank mit Gefrierfach.<\/span><\/p>\n<p><span style=\"color: #000000;\">Moderne Boxspringbetten sorgen f\u00fcr einen angenehmen Schlaf.<\/span><\/p>\n<p><span style=\"color: #000000;\">Das Bad ist mit begehbarer Dusche, WC und dreiteiligem Alibert-Spiegel eingerichtet.<\/span><\/p>\n<p><span style=\"color: #000000;\">Bettw\u00e4sche, Handt\u00fccher und Geschirrt\u00fccher werden gestellt.<\/span><\/p>\n<p><span style=\"color: #000000;\">Zwischenreinigung, wenn erw\u00fcnscht nach Absprache.<\/span><\/p>\n<p><span style=\"color: #000000;\">Eine individuelle Einstellung der Fu\u00dfbodenheizung sorgt f\u00fcr ein angenehmes Raumklima.<\/span><\/p>\n<p><span style=\"color: #000000;\">Parkpl\u00e4tze direkt vor dem Haus, Fahrradunterstellpl\u00e4tze, Waschmaschine im Haus, Flachbildschirm mit Sat-Anschluss, Stereoradio, Getr\u00e4nke-, Br\u00f6tchen-, und Einkaufsservice gegen Auslagenersatz, Internetzugang kostenlos mit W-Lan.<\/span><\/p>\n<p><span style=\"color: #000000;\">Alle unsere Appartements sind NICHTRAUCHER Appartements.<\/span><\/p>\n<p><span style=\"color: #000000;\">Bei uns bezahlen Sie keine K U R T A X E.<\/span><\/p>\n<p style=\"text-align: center;\">\u00a0<\/p>\n\n\n<div class=\"wp-block-group alignfull is-layout-flow wp-block-group-is-layout-flow\"><div class=\"wp-block-group__inner-container\">\n<p class=\"has-text-align-center has-black-color has-text-color has-background\" style=\"background-color:#63a850\">\nJosef Putz &#8211; B\u00e4rnau 2 &#8211; 94060 Pocking<br>Tel.: +49 (0) 8538 &#8211; 658 oder +49 (0) 8538 &#8211; 9124326<br>e-Mail: putz-alois@t-online.de &#8211; Web: www.ferienhof-fenzl.de\n\n<\/p>\n<\/div><\/div>\n","protected":false},"excerpt":{"rendered":"<p>48 qm zum Erholen und Entspannen Ob Sommer oder Winter \u2013 wir haben das ganze Jahr Saison. Sie werden sich gleich wohlf\u00fchlen. Unser Hofappartement ist barrierefrei, modern und ger\u00e4umig eingerichtet &#8230;<\/p>\n","protected":false},"author":1,"featured_media":0,"parent":0,"menu_order":0,"comment_status":"closed","ping_status":"closed","template":"","meta":{"footnotes":""},"_links":{"self":[{"href":"http:\/\/www.ferienhof-fenzl.de\/index.php\/wp-json\/wp\/v2\/pages\/1477"}],"collection":[{"href":"http:\/\/www.ferienhof-fenzl.de\/index.php\/wp-json\/wp\/v2\/pages"}],"about":[{"href":"http:\/\/www.ferienhof-fenzl.de\/index.php\/wp-json\/wp\/v2\/types\/page"}],"author":[{"embeddable":true,"href":"http:\/\/www.ferienhof-fenzl.de\/index.php\/wp-json\/wp\/v2\/users\/1"}],"replies":[{"embeddable":true,"href":"http:\/\/www.ferienhof-fenzl.de\/index.php\/wp-json\/wp\/v2\/comments?post=1477"}],"version-history":[{"count":26,"href":"http:\/\/www.ferienhof-fenzl.de\/index.php\/wp-json\/wp\/v2\/pages\/1477\/revisions"}],"predecessor-version":[{"id":2623,"href":"http:\/\/www.ferienhof-fenzl.de\/index.php\/wp-json\/wp\/v2\/pages\/1477\/revisions\/2623"}],"wp:attachment":[{"href":"http:\/\/www.ferienhof-fenzl.de\/index.php\/wp-json\/wp\/v2\/media?parent=1477"}],"curies":[{"name":"wp","href":"https:\/\/api.w.org\/{rel}","templated":true}]}}